{"id":17091,"date":"2023-12-12T14:35:41","date_gmt":"2023-12-12T13:35:41","guid":{"rendered":"https:\/\/www.dobrotenadom.si\/uvjeti-poslovanja\/"},"modified":"2023-12-12T14:38:20","modified_gmt":"2023-12-12T13:38:20","slug":"uvjeti-poslovanja","status":"publish","type":"page","link":"https:\/\/www.dobrotenadom.si\/hr\/uvjeti-poslovanja\/","title":{"rendered":"Uvjeti poslovanja"},"content":{"rendered":"<div class=\"wpb-content-wrapper\"><p>[vc_row][vc_column][vc_column_text]Uvjeti poslovanja Internet trgovine Dobrotenadom.si<\/p>\n<p>Uvjeti poslovanja web trgovine Dobrotenadom.si sastavljeni su u skladu s va\u017ee\u0107im zakonima o za\u0161titi potro\u0161a\u010da, va\u017ee\u0107im zakonima o elektroni\u010dkoj trgovini, va\u017ee\u0107im zakonima o za\u0161titi osobnih podataka i preporukama TZS.<\/p>\n<p>Internet trgovinom Dobrotenadom.si upravlja tvrtka MIJ d.o.o., Pe\u010de 11, 1290 Grosuplje<\/p>\n<p>Registracija<\/p>\n<p>Kupnja u Internet trgovini Dobrotenadom.si mogu\u0107a je sa ili bez registracije.<\/p>\n<p>Osobni podaci<\/p>\n<p>Tvrtka MIJ d.o.o. u web trgovini prikuplja i obra\u0111uje sljede\u0107e osobne podatke: prezime i ime, ulica i ku\u0107ni broj, grad, dr\u017eava, GSM broj, korisni\u010dko ime (e-mail adresa) i lozinka.<\/p>\n<p>Obrada i pohrana podataka<\/p>\n<p>Uz danu privolu, korisnik dopu\u0161ta tvrtki MIJ d.o.o., kao voditelju zbirke osobnih podataka, obradu prikupljenih osobnih podataka u svrhu obrade i izvr\u0161enja online narud\u017ebi, kupnje, rje\u0161avanja eventualnih problema prije i nakon izvr\u0161ene online kupnje. napravio. Podaci dobiveni od strane tvrtke MIJ d.o.o. koristi se i za potrebe uzorkovanja, anketiranja i statisti\u010dke obrade podataka, za utvr\u0111ivanje kori\u0161tenja proizvoda, prilagodbu ponude i segmentacije, za istra\u017eivanje tr\u017ei\u0161ta, informiranje o ponudi, novitetima i pogodnostima, za slanje e-novosti i dr. reklamnog materijala tvrtke Mij d.o.o.. Dobrotenadom.si mo\u017ee dobivene podatke obra\u0111ivati \u200b\u200bza vlastite potrebe do prigovora ili opoziva privole zahtjevom za brisanjem osobnih podataka iz baze podataka, u suprotnom samo onoliko dugo koliko je prijeko potrebno za postizanje svrhe za koje su prikupljeni podaci. Tijekom upravljanja osobnim podacima, pojedinac ima mogu\u0107nost uvida i a\u017euriranja podataka na korisni\u010dkom ra\u010dunu.<\/p>\n<p>Individualna prava<\/p>\n<p>Korisnik internetske trgovine mo\u017ee u svakom trenutku zatra\u017eiti od voditelja obrade osobnih podataka prestanak obrade gore navedenih podataka. Fizi\u010dka osoba od upravitelja mo\u017ee zahtijevati i ostvarivanje sljede\u0107ih prava:<\/p>\n<p>pristup osobnim podacima,<br \/>\nispravak neto\u010dnih osobnih podataka,<br \/>\nograni\u010denja obrade,<br \/>\nizbrisati,<br \/>\nprigovor,<br \/>\nautomatizirano dono\u0161enje odluka, uklju\u010duju\u0107i izradu profila.<\/p>\n<p>Svaki zahtjev za ostvarivanje prava rje\u0161ava se pojedina\u010dno, upravitelj pojedincu dostavlja obrazlo\u017een odgovor u zakonski odre\u0111enom roku.<\/p>\n<p>Ovla\u0161tenoj osobi za za\u0161titu osobnih podataka mo\u017eete se obratiti na info@dobrotenadom.si. Valjanost op\u0107ih uvjeta: od 1. listopada 2020. do promjene ili otkazivanja.<\/p>\n<p>Ukoliko se pojedinac ne sla\u017ee s informacijama o obradi osobnih podataka i obja\u0161njenjem dobivenim od Dobrotenadom.si web trgovine ili ovla\u0161tene osobe za za\u0161titu osobnih podataka ili ako je prekora\u010den zakonski primjereni rok za odgovor, mo\u017ee podnijeti pritu\u017ebu nadzornom tijelu. U Republici Sloveniji nadzorno tijelo je Informacijski povjerenik.<\/p>\n<p>Obavijest<\/p>\n<p>Korisnik se tako\u0111er mo\u017ee pretplatiti na primanje e-novosti i odjaviti ih u bilo kojem trenutku putem poveznice u pristiglim e-novostima ili slanjem odjave na e-mail adresu info@dobrotenadom.si<\/p>\n<p>Dostava<\/p>\n<p>Dostava je besplatna za kupovinu od 100,00 \u20ac ili vi\u0161e. Tro\u0161ak dostave uklju\u010den je u kupoprodajnu cijenu kao posebna stavka.<\/p>\n<p>Rok isporuke proizvoda nazna\u010den je uz svaki pojedini proizvod i obi\u010dno se kre\u0107e od 2 do 4 odn 3 do 8 radnih dana od predaje narud\u017ebe odn od uplate avansnog ra\u010duna. Iznimno se mo\u017ee dogoditi da naru\u010denog proizvoda vi\u0161e nema na zalihi. U tom slu\u010daju obavje\u0161tavamo kupca najkasnije 3 radna dana nakon primitka va\u0161e narud\u017ebe.<\/p>\n<p>Proizvodi kupljeni putem internet trgovine dostavljaju se na adrese u Republici Sloveniji. Kod dostave u vi\u0161estambene zgrade garantiramo dostavu do ulaznih vrata zgrade. Dostavu vr\u0161i GLS.<\/p>\n<p>Narud\u017eba i dostupnost proizvoda<\/p>\n<p>U slu\u010daju da naru\u010dene robe nema na zalihi i\/ili je nije mogu\u0107e isporu\u010diti, o tome \u0107emo Vas obavijestiti najkasnije 3 dana od dana narud\u017ebe. U slu\u010daju pla\u0107anja unaprijed za proizvod koji ne\u0107e biti isporu\u010den, tako\u0111er vr\u0161imo povrat novca.<\/p>\n<p>Pla\u0107anje<\/p>\n<p>Dostupne su sljede\u0107e opcije: pla\u0107anje kreditnom i debitnom karticom, pla\u0107anje pouze\u0107em i pla\u0107anje po predra\u010dunu.<br \/>\nKreditne i platne kartice online:<br \/>\nKupci mogu pla\u0107ati MasterCard i Visa kreditnim karticama te Maestro platnim karticama. Prijenos podataka koristi se u \u0161ifriranom na\u010dinu kako bi podaci o kreditnoj kartici bili za\u0161ti\u0107eni.<br \/>\nUnov\u010diti:<br \/>\nPla\u0107anje u gotovini se vr\u0161i po primitku robe.<\/p>\n<p>Predvi\u0111ena faktura:<\/p>\n<p>Predra\u010dun se izra\u0111uje prilikom predaje narud\u017ebe. Na dokumentu se upisuje broj transakcijskog ra\u010duna i poziv na broj. Kupac pla\u0107a po predra\u010dunu na transakcijski ra\u010dun Dobrotenadom.si (nakon uplate kupac to mo\u017ee potvrditi putem e-mail adrese info@dobrotenadom.si. Neke banke zahtijevaju unos dodatnih &#8220;nula&#8221; (npr. 00 ispred dana referenca).<\/p>\n<p>Nijedan na\u010din pla\u0107anja ne mijenja cijenu!<\/p>\n<p>Valjanost ponude<\/p>\n<p>Pri kupnji cijene vrijede u trenutku potvrde narud\u017ebe. Sve cijene uklju\u010duju PDV. Cijene su podlo\u017ene promjenama bez prethodne najave do slanja narud\u017ebe. Zadr\u017eavamo pravo izmjene tehni\u010dkih opisa i konfiguracija bez prethodne najave.<\/p>\n<p>Povla\u010denje ugovora<\/p>\n<p>Potro\u0161a\u010d ima pravo odustati od ugovora sklopljenog na daljinu, odnosno od kupnje putem interneta, bez navo\u0111enja razloga u roku od 14 dana.<\/p>\n<p>Otkazni rok istje\u010de 14 dana od dana kada potro\u0161a\u010d fizi\u010dki u\u0111e u posjed robe ili je umjesto potro\u0161a\u010da preuzme tre\u0107a osoba koja nije prijevoznik i koju potro\u0161a\u010d odredi za tu svrhu, ili, u slu\u010daju djelomi\u010dna isporuka pojedina\u010dnih komada robe iz jedne narud\u017ebe, rok istje\u010de 14 dana od dana kada potro\u0161a\u010d fizi\u010dki preuzme posljednji komad robe ili ga u ime potro\u0161a\u010da stekne tre\u0107a osoba koja nije prijevoznik i nazna\u010dena od strane potro\u0161a\u010da u tu svrhu.<\/p>\n<p>\u010cinjeni\u010dna pogre\u0161ka<\/p>\n<p>Gre\u0161ka je stvarna:<\/p>\n<p>ako proizvod nema svojstva potrebna za njegovu normalnu uporabu ili promet;<br \/>\nako proizvod nema svojstva koja su potrebna za odre\u0111enu uporabu za koju ga kupac kupuje, a koja su prodavatelju bila poznata ili su morala biti poznata;<br \/>\nako proizvod nema svojstva i svojstva koja su izri\u010dito ili pre\u0161utno dogovorena ili propisana;<br \/>\nako je ponuditelj isporu\u010dio proizvod koji ne odgovara uzorku ili modelu, osim ako je uzorak ili model prikazan samo u svrhu obavijesti.<\/p>\n<p>Prikladnost proizvoda za uobi\u010dajenu uporabu procjenjuje se u usporedbi s obi\u010dnom robom iste vrste i uzimaju\u0107i u obzir sve izjave prodavatelja o karakteristikama robe koje je dao prodavatelj ili proizvo\u0111a\u010d, posebno putem ogla\u0161avanja, prezentacije proizvoda ili indikacija na sama roba.<\/p>\n<p>Pritu\u017ebe<\/p>\n<p>Internet trgovina Dobrotenadom.si po\u0161tuje va\u017ee\u0107e zakone o za\u0161titi potro\u0161a\u010da. Dobrotenadom.si \u010dini sve da uspostavi u\u010dinkovit sustav rje\u0161avanja pritu\u017ebi. Pritu\u017ebe se mogu podnijeti putem e-maila: info@dobrotenadom.si ili pisanim putem na adresu prodavatelja: MIJ d.o.o., Pe\u010de 11, 1290 Grosuplje. \u017dalbeni postupak je povjerljiv.<br \/>\nProdavatelj \u0107e se potruditi da eventualne sporove rije\u0161i mirnim putem. Ukoliko se spor ne rije\u0161i mirnim putem, za rje\u0161avanje svih sporova izme\u0111u prodavatelja i kupca nadle\u017ean je sud u mjestu sjedi\u0161ta davatelja.<\/p>\n<p>Izvansudsko rje\u0161avanje potro\u0161a\u010dkih sporova<\/p>\n<p>Sukladno zakonskim normama MIJ d.o.o. ne priznaje niti jednog pru\u017eatelja usluga izvansudskog rje\u0161avanja potro\u0161a\u010dkih sporova nadle\u017enim za rje\u0161avanje potro\u0161a\u010dkog spora koji potro\u0161a\u010d mo\u017ee pokrenuti sukladno Zakonu o izvansudskom rje\u0161avanju potro\u0161a\u010dkih sporova.<\/p>\n<p>MIJ d.o.o., koji kao ponu\u0111a\u010d roba i usluga omogu\u0107uje internetsku trgovinu na podru\u010dju Republike Slovenije, na svojoj web stranici objavljuje elektroni\u010dku poveznicu na platformu za online rje\u0161avanje potro\u0161a\u010dkih sporova (SRPS). Platforma je potro\u0161a\u010dima dostupna putem elektroni\u010dke poveznice &#8211; https:\/\/webgate.ec.europa.eu\/odr\/main\/index.cfm?event=main.home.show&amp;lng=SL<\/p>\n<p>Navedena uredba proizlazi iz Zakona o izvansudskom rje\u0161avanju potro\u0161a\u010dkih sporova, Uredbe (EU) br. 524\/2013 Europskog parlamenta i Vije\u0107a o internetskom rje\u0161avanju potro\u0161a\u010dkih sporova i izmjeni Uredbe (EZ) br. 2016\/2004 i Direktiva 2009\/22\/EZ.<\/p>\n<p>Arhiviranje ugovora<\/p>\n<p>Ugovor sklopljen izme\u0111u naru\u010ditelja i prodavatelja arhivira se u MIJ d.o.o., Pe\u010de 11, 1290 Grosuplje. Ugovori i preslike ra\u010duna arhiviraju se u sjedi\u0161tu tvrtke. Kupac mo\u017ee dobiti primjerak na zahtjev na e-mail adresu: info@dobrotenadom.si<\/p>\n<p>Ljubljana, 1. listopada 2020[\/vc_column_text][\/vc_column][\/vc_row]<\/p>\n<\/div>","protected":false},"excerpt":{"rendered":"<p>[vc_row][vc_column][vc_column_text]Uvjeti poslovanja Internet trgovine Dobrotenadom.si Uvjeti poslovanja web trgovine Dobrotenadom.si sastavljeni su u skladu s va\u017ee\u0107im zakonima o za\u0161titi potro\u0161a\u010da, va\u017ee\u0107im zakonima o elektroni\u010dkoj trgovini, va\u017ee\u0107im zakonima o za\u0161titi osobnih podataka i preporukama TZS. Internet trgovinom Dobrotenadom.si upravlja tvrtka MIJ d.o.o., Pe\u010de 11, 1290 Grosuplje Registracija Kupnja u Internet trgovini Dobrotenadom.si mogu\u0107a je sa ili bez registracije. Osobni podaci Tvrtka MIJ d.o.o. u web trgovini prikuplja i obra\u0111uje sljede\u0107e osobne podatke: prezime i ime, ulica i ku\u0107ni broj, grad, dr\u017eava, GSM broj, korisni\u010dko ime (e-mail adresa) i lozinka. Obrada i pohrana podataka Uz danu privolu, korisnik dopu\u0161ta tvrtki MIJ d.o.o., kao voditelju zbirke osobnih podataka, obradu prikupljenih osobnih podataka u svrhu obrade i izvr\u0161enja online narud\u017ebi, kupnje, rje\u0161avanja eventualnih problema prije i nakon izvr\u0161ene online kupnje. napravio. Podaci dobiveni od strane tvrtke MIJ d.o.o. koristi se i za potrebe uzorkovanja, [&hellip;]<\/p>\n","protected":false},"author":1,"featured_media":0,"parent":0,"menu_order":0,"comment_status":"closed","ping_status":"closed","template":"page-templates\/full-width.php","meta":{"_acf_changed":false,"footnotes":""},"class_list":["post-17091","page","type-page","status-publish","hentry"],"acf":[],"yoast_head":"<!-- This site is optimized with the Yoast SEO plugin v26.5 - https:\/\/yoast.com\/wordpress\/plugins\/seo\/ -->\n<title>Uvjeti poslovanja - Dobrote Na Dom<\/title>\n<meta name=\"robots\" content=\"index, follow, max-snippet:-1, max-image-preview:large, max-video-preview:-1\" \/>\n<link rel=\"canonical\" href=\"https:\/\/www.dobrotenadom.si\/hr\/uvjeti-poslovanja\/\" \/>\n<meta property=\"og:locale\" content=\"hr_HR\" \/>\n<meta property=\"og:type\" content=\"article\" \/>\n<meta property=\"og:title\" content=\"Uvjeti poslovanja - Dobrote Na Dom\" \/>\n<meta property=\"og:description\" content=\"[vc_row][vc_column][vc_column_text]Uvjeti poslovanja Internet trgovine Dobrotenadom.si Uvjeti poslovanja web trgovine Dobrotenadom.si sastavljeni su u skladu s va\u017ee\u0107im zakonima o za\u0161titi potro\u0161a\u010da, va\u017ee\u0107im zakonima o elektroni\u010dkoj trgovini, va\u017ee\u0107im zakonima o za\u0161titi osobnih podataka i preporukama TZS. Internet trgovinom Dobrotenadom.si upravlja tvrtka MIJ d.o.o., Pe\u010de 11, 1290 Grosuplje Registracija Kupnja u Internet trgovini Dobrotenadom.si mogu\u0107a je sa ili bez registracije. Osobni podaci Tvrtka MIJ d.o.o. u web trgovini prikuplja i obra\u0111uje sljede\u0107e osobne podatke: prezime i ime, ulica i ku\u0107ni broj, grad, dr\u017eava, GSM broj, korisni\u010dko ime (e-mail adresa) i lozinka. Obrada i pohrana podataka Uz danu privolu, korisnik dopu\u0161ta tvrtki MIJ d.o.o., kao voditelju zbirke osobnih podataka, obradu prikupljenih osobnih podataka u svrhu obrade i izvr\u0161enja online narud\u017ebi, kupnje, rje\u0161avanja eventualnih problema prije i nakon izvr\u0161ene online kupnje. napravio. Podaci dobiveni od strane tvrtke MIJ d.o.o. koristi se i za potrebe uzorkovanja, [&hellip;]\" \/>\n<meta property=\"og:url\" content=\"https:\/\/www.dobrotenadom.si\/hr\/uvjeti-poslovanja\/\" \/>\n<meta property=\"og:site_name\" content=\"Dobrote Na Dom\" \/>\n<meta property=\"article:modified_time\" content=\"2023-12-12T13:38:20+00:00\" \/>\n<meta name=\"twitter:card\" content=\"summary_large_image\" \/>\n<meta name=\"twitter:label1\" content=\"Procijenjeno vrijeme \u010ditanja\" \/>\n\t<meta name=\"twitter:data1\" content=\"7 minuta\" \/>\n<script type=\"application\/ld+json\" class=\"yoast-schema-graph\">{\"@context\":\"https:\/\/schema.org\",\"@graph\":[{\"@type\":\"WebPage\",\"@id\":\"https:\/\/www.dobrotenadom.si\/hr\/uvjeti-poslovanja\/\",\"url\":\"https:\/\/www.dobrotenadom.si\/hr\/uvjeti-poslovanja\/\",\"name\":\"Uvjeti poslovanja - Dobrote Na Dom\",\"isPartOf\":{\"@id\":\"https:\/\/www.dobrotenadom.si\/#website\"},\"datePublished\":\"2023-12-12T13:35:41+00:00\",\"dateModified\":\"2023-12-12T13:38:20+00:00\",\"breadcrumb\":{\"@id\":\"https:\/\/www.dobrotenadom.si\/hr\/uvjeti-poslovanja\/#breadcrumb\"},\"inLanguage\":\"hr\",\"potentialAction\":[{\"@type\":\"ReadAction\",\"target\":[\"https:\/\/www.dobrotenadom.si\/hr\/uvjeti-poslovanja\/\"]}]},{\"@type\":\"BreadcrumbList\",\"@id\":\"https:\/\/www.dobrotenadom.si\/hr\/uvjeti-poslovanja\/#breadcrumb\",\"itemListElement\":[{\"@type\":\"ListItem\",\"position\":1,\"name\":\"Home\",\"item\":\"https:\/\/www.dobrotenadom.si\/hr\/\"},{\"@type\":\"ListItem\",\"position\":2,\"name\":\"Uvjeti poslovanja\"}]},{\"@type\":\"WebSite\",\"@id\":\"https:\/\/www.dobrotenadom.si\/#website\",\"url\":\"https:\/\/www.dobrotenadom.si\/\",\"name\":\"Dobrote Na Dom\",\"description\":\"\",\"potentialAction\":[{\"@type\":\"SearchAction\",\"target\":{\"@type\":\"EntryPoint\",\"urlTemplate\":\"https:\/\/www.dobrotenadom.si\/?s={search_term_string}\"},\"query-input\":{\"@type\":\"PropertyValueSpecification\",\"valueRequired\":true,\"valueName\":\"search_term_string\"}}],\"inLanguage\":\"hr\"}]}<\/script>\n<!-- \/ Yoast SEO plugin. -->","yoast_head_json":{"title":"Uvjeti poslovanja - Dobrote Na Dom","robots":{"index":"index","follow":"follow","max-snippet":"max-snippet:-1","max-image-preview":"max-image-preview:large","max-video-preview":"max-video-preview:-1"},"canonical":"https:\/\/www.dobrotenadom.si\/hr\/uvjeti-poslovanja\/","og_locale":"hr_HR","og_type":"article","og_title":"Uvjeti poslovanja - Dobrote Na Dom","og_description":"[vc_row][vc_column][vc_column_text]Uvjeti poslovanja Internet trgovine Dobrotenadom.si Uvjeti poslovanja web trgovine Dobrotenadom.si sastavljeni su u skladu s va\u017ee\u0107im zakonima o za\u0161titi potro\u0161a\u010da, va\u017ee\u0107im zakonima o elektroni\u010dkoj trgovini, va\u017ee\u0107im zakonima o za\u0161titi osobnih podataka i preporukama TZS. Internet trgovinom Dobrotenadom.si upravlja tvrtka MIJ d.o.o., Pe\u010de 11, 1290 Grosuplje Registracija Kupnja u Internet trgovini Dobrotenadom.si mogu\u0107a je sa ili bez registracije. Osobni podaci Tvrtka MIJ d.o.o. u web trgovini prikuplja i obra\u0111uje sljede\u0107e osobne podatke: prezime i ime, ulica i ku\u0107ni broj, grad, dr\u017eava, GSM broj, korisni\u010dko ime (e-mail adresa) i lozinka. Obrada i pohrana podataka Uz danu privolu, korisnik dopu\u0161ta tvrtki MIJ d.o.o., kao voditelju zbirke osobnih podataka, obradu prikupljenih osobnih podataka u svrhu obrade i izvr\u0161enja online narud\u017ebi, kupnje, rje\u0161avanja eventualnih problema prije i nakon izvr\u0161ene online kupnje. napravio. Podaci dobiveni od strane tvrtke MIJ d.o.o. koristi se i za potrebe uzorkovanja, [&hellip;]","og_url":"https:\/\/www.dobrotenadom.si\/hr\/uvjeti-poslovanja\/","og_site_name":"Dobrote Na Dom","article_modified_time":"2023-12-12T13:38:20+00:00","twitter_card":"summary_large_image","twitter_misc":{"Procijenjeno vrijeme \u010ditanja":"7 minuta"},"schema":{"@context":"https:\/\/schema.org","@graph":[{"@type":"WebPage","@id":"https:\/\/www.dobrotenadom.si\/hr\/uvjeti-poslovanja\/","url":"https:\/\/www.dobrotenadom.si\/hr\/uvjeti-poslovanja\/","name":"Uvjeti poslovanja - Dobrote Na Dom","isPartOf":{"@id":"https:\/\/www.dobrotenadom.si\/#website"},"datePublished":"2023-12-12T13:35:41+00:00","dateModified":"2023-12-12T13:38:20+00:00","breadcrumb":{"@id":"https:\/\/www.dobrotenadom.si\/hr\/uvjeti-poslovanja\/#breadcrumb"},"inLanguage":"hr","potentialAction":[{"@type":"ReadAction","target":["https:\/\/www.dobrotenadom.si\/hr\/uvjeti-poslovanja\/"]}]},{"@type":"BreadcrumbList","@id":"https:\/\/www.dobrotenadom.si\/hr\/uvjeti-poslovanja\/#breadcrumb","itemListElement":[{"@type":"ListItem","position":1,"name":"Home","item":"https:\/\/www.dobrotenadom.si\/hr\/"},{"@type":"ListItem","position":2,"name":"Uvjeti poslovanja"}]},{"@type":"WebSite","@id":"https:\/\/www.dobrotenadom.si\/#website","url":"https:\/\/www.dobrotenadom.si\/","name":"Dobrote Na Dom","description":"","potentialAction":[{"@type":"SearchAction","target":{"@type":"EntryPoint","urlTemplate":"https:\/\/www.dobrotenadom.si\/?s={search_term_string}"},"query-input":{"@type":"PropertyValueSpecification","valueRequired":true,"valueName":"search_term_string"}}],"inLanguage":"hr"}]}},"_links":{"self":[{"href":"https:\/\/www.dobrotenadom.si\/hr\/wp-json\/wp\/v2\/pages\/17091","targetHints":{"allow":["GET"]}}],"collection":[{"href":"https:\/\/www.dobrotenadom.si\/hr\/wp-json\/wp\/v2\/pages"}],"about":[{"href":"https:\/\/www.dobrotenadom.si\/hr\/wp-json\/wp\/v2\/types\/page"}],"author":[{"embeddable":true,"href":"https:\/\/www.dobrotenadom.si\/hr\/wp-json\/wp\/v2\/users\/1"}],"replies":[{"embeddable":true,"href":"https:\/\/www.dobrotenadom.si\/hr\/wp-json\/wp\/v2\/comments?post=17091"}],"version-history":[{"count":1,"href":"https:\/\/www.dobrotenadom.si\/hr\/wp-json\/wp\/v2\/pages\/17091\/revisions"}],"predecessor-version":[{"id":17094,"href":"https:\/\/www.dobrotenadom.si\/hr\/wp-json\/wp\/v2\/pages\/17091\/revisions\/17094"}],"wp:attachment":[{"href":"https:\/\/www.dobrotenadom.si\/hr\/wp-json\/wp\/v2\/media?parent=17091"}],"curies":[{"name":"wp","href":"https:\/\/api.w.org\/{rel}","templated":true}]}}