{"id":17153,"date":"2022-12-15T17:46:00","date_gmt":"2022-12-15T16:46:00","guid":{"rendered":"https:\/\/www.dobrotenadom.si\/izdelek\/poklon-paket-2\/"},"modified":"2023-12-12T17:14:58","modified_gmt":"2023-12-12T16:14:58","slug":"poklon-paket-2","status":"publish","type":"product","link":"https:\/\/www.dobrotenadom.si\/hr\/izdelek\/poklon-paket-2\/","title":{"rendered":"Poklon paket 2"},"content":{"rendered":"","protected":false},"excerpt":{"rendered":"<p>\u017delite svoje prijatelje, zaposlenike ili poslovne partnere obdariti kvalitetnim i vi\u0161estruko nagra\u0111ivanim doma\u0107im proizvodima? Onda ste na pravoj adresi&#8230;<\/p>\n<p>Paket uklju\u010duje:<\/p>\n<p>&gt;Suha svinjska kobasica 200g&lt;<br \/>\nambala\u017ea<br \/>\nKartonsko pakiranje &#8211; dimenzije 24,9 x 19,5 x 8 cm<\/p>\n","protected":false},"featured_media":16871,"template":"","meta":{"_acf_changed":false},"product_brand":[],"product_cat":[448],"product_tag":[],"class_list":{"0":"post-17153","1":"product","2":"type-product","3":"status-publish","4":"has-post-thumbnail","6":"product_cat-poklon-paketi","7":"wcpa_has_options","10":"first","11":"instock","12":"taxable","13":"shipping-taxable","14":"purchasable","15":"product-type-simple"},"acf":[],"wcpa_form_fields":{"rules":{"pric_overide_base_price":false,"pric_overide_base_price_if_gt_zero":false,"pric_overide_base_price_fully":false,"pric_cal_option_once":false,"pric_use_as_fee":true,"bind_quantity":false,"quantity_bind_formula":false},"fields":[{"type":"checkbox-group","elementId":"wcpa-checkbox-group-1605951994143","label":"\u017delim dostavu na drugu adresu","priceOptions":"different_for_all","pricingType":"fixed","className":"js-ship-to-different-addresses","name":"checkbox-group-1605951994143","cl_rule":"show","col":6,"values":[{"label":"Da","value":"option-1","price":"","pimage":"","pimage_id":"","pthumb":""}],"relations":false,"form_id":17107,"form_rules":{"pric_cal_option_once":false,"exclude_from_discount":false,"pric_use_as_fee":false,"fee_label":"Fee","render_after_acb":false,"disp_hide_options_price":false}},{"type":"number","elementId":"wcpa-number-1605952082828","label":"Unesite broj adresa (4,9\u20ac\/adresa)","value":"0","enablePrice":true,"pricingType":"multiply","price":"4,9","use_as_fee":true,"min":"0","step":"1","className":"js-count-addresses","name":"number-1605952082828","enableCl":true,"cl_rule":"show","cl_val":"option-1","col":6,"relations":[{"operator":false,"rules":[{"operator":false,"rules":{"cl_field":"wcpa-checkbox-group-1605951994143","cl_relation":"is","cl_val":{"i":"0","value":"option-1"}}}]}],"form_id":17107,"form_rules":{"pric_cal_option_once":false,"exclude_from_discount":false,"pric_use_as_fee":false,"fee_label":"Fee","render_after_acb":false,"disp_hide_options_price":false}},{"type":"textarea","elementId":"wcpa-textarea-1605719392341","label":"Adrese za dostavu paketa","placeholder":"(Ime i prezime, adresa, po\u0161tanski broj i po\u0161tanska adresa)","pricingType":"fixed","name":"naslovi_za_dostavo","enableCl":true,"cl_rule":"show","cl_val":"option-1","col":6,"relations":[{"operator":false,"rules":[{"operator":false,"rules":{"cl_field":"wcpa-checkbox-group-1605951994143","cl_relation":"is","cl_val":{"i":"0","value":"option-1"}}}]}],"form_id":17107,"form_rules":{"pric_cal_option_once":false,"exclude_from_discount":false,"pric_use_as_fee":false,"fee_label":"Fee","render_after_acb":false,"disp_hide_options_price":false}},{"type":"checkbox-group","elementId":"wcpa-checkbox-group-1605719535401","label":"Personalizirana poruka","enablePrice":true,"priceOptions":"different_for_all","pricingType":"fixed","className":"js-personalized-message","name":"personalizirano-sporocilo","cl_rule":"show","col":6,"values":[{"label":"Da","value":"option-1","price":"0,5","pimage":"","pimage_id":"","pthumb":""}],"relations":false,"form_id":17107,"form_rules":{"pric_cal_option_once":false,"exclude_from_discount":false,"pric_use_as_fee":false,"fee_label":"Fee","render_after_acb":false,"disp_hide_options_price":false}},{"type":"textarea","elementId":"wcpa-textarea-1605719594641","label":"Poruka","pricingType":"fixed","name":"sporocilo","enableCl":true,"cl_rule":"show","cl_val":"option-1","col":6,"relations":[{"operator":false,"rules":[{"operator":false,"rules":{"cl_field":"wcpa-checkbox-group-1605719535401","cl_relation":"is","cl_val":{"i":"0","value":"option-1"}}}]}],"form_id":17107,"form_rules":{"pric_cal_option_once":false,"exclude_from_discount":false,"pric_use_as_fee":false,"fee_label":"Fee","render_after_acb":false,"disp_hide_options_price":false}},{"type":"file","elementId":"wcpa-file-1605719670215","label":"Va\u0161 logotip","pricingType":"fixed","ajax_upload":true,"name":"vas_logotip","enableCl":true,"cl_rule":"show","cl_val":"option-1","col":6,"relations":[{"operator":false,"rules":[{"operator":false,"rules":{"cl_field":"wcpa-checkbox-group-1605719535401","cl_relation":"is","cl_val":{"i":"0","value":"option-1"}}}]}],"form_id":17107,"form_rules":{"pric_cal_option_once":false,"exclude_from_discount":false,"pric_use_as_fee":false,"fee_label":"Fee","render_after_acb":false,"disp_hide_options_price":false}},{"type":"paragraph","subtype":"div","label":"Ako imate problema s kupnjom, pi\u0161ite nam na <a href=\"mailto:info@dobrotenadom.si\">info@dobrotenadom.si<\/a> i rado \u0107emo vam pomo\u0107i!","elementId":"wcpa-paragraph-1605774807897","pricingType":"fixed","cl_rule":"show","col":6,"relations":false,"form_id":17107,"form_rules":{"pric_cal_option_once":false,"exclude_from_discount":false,"pric_use_as_fee":false,"fee_label":"Fee","render_after_acb":false,"disp_hide_options_price":false}}]},"yoast_head":"<!-- This site is optimized with the Yoast SEO plugin v26.5 - https:\/\/yoast.com\/wordpress\/plugins\/seo\/ -->\n<title>Poklon paket 2 - Dobrote Na Dom<\/title>\n<meta name=\"robots\" content=\"index, follow, max-snippet:-1, max-image-preview:large, max-video-preview:-1\" \/>\n<link rel=\"canonical\" href=\"https:\/\/www.dobrotenadom.si\/hr\/izdelek\/poklon-paket-2\/\" \/>\n<meta property=\"og:locale\" content=\"hr_HR\" \/>\n<meta property=\"og:type\" content=\"article\" \/>\n<meta property=\"og:title\" content=\"Poklon paket 2 - Dobrote Na Dom\" \/>\n<meta property=\"og:description\" content=\"\u017delite svoje prijatelje, zaposlenike ili poslovne partnere obdariti kvalitetnim i vi\u0161estruko nagra\u0111ivanim doma\u0107im proizvodima? Onda ste na pravoj adresi...  Paket uklju\u010duje:  &gt;Suha svinjska kobasica 200g&lt; ambala\u017ea Kartonsko pakiranje - dimenzije 24,9 x 19,5 x 8 cm\" \/>\n<meta property=\"og:url\" content=\"https:\/\/www.dobrotenadom.si\/hr\/izdelek\/poklon-paket-2\/\" \/>\n<meta property=\"og:site_name\" content=\"Dobrote Na Dom\" \/>\n<meta property=\"article:modified_time\" content=\"2023-12-12T16:14:58+00:00\" \/>\n<meta property=\"og:image\" content=\"https:\/\/www.dobrotenadom.si\/wp-content\/uploads\/2022\/12\/IMG_20231118_1839402.jpg\" \/>\n\t<meta property=\"og:image:width\" content=\"1920\" \/>\n\t<meta property=\"og:image:height\" content=\"1900\" \/>\n\t<meta property=\"og:image:type\" content=\"image\/jpeg\" \/>\n<meta name=\"twitter:card\" content=\"summary_large_image\" \/>\n<script type=\"application\/ld+json\" class=\"yoast-schema-graph\">{\"@context\":\"https:\/\/schema.org\",\"@graph\":[{\"@type\":\"WebPage\",\"@id\":\"https:\/\/www.dobrotenadom.si\/hr\/izdelek\/poklon-paket-2\/\",\"url\":\"https:\/\/www.dobrotenadom.si\/hr\/izdelek\/poklon-paket-2\/\",\"name\":\"Poklon paket 2 - Dobrote Na Dom\",\"isPartOf\":{\"@id\":\"https:\/\/www.dobrotenadom.si\/#website\"},\"primaryImageOfPage\":{\"@id\":\"https:\/\/www.dobrotenadom.si\/hr\/izdelek\/poklon-paket-2\/#primaryimage\"},\"image\":{\"@id\":\"https:\/\/www.dobrotenadom.si\/hr\/izdelek\/poklon-paket-2\/#primaryimage\"},\"thumbnailUrl\":\"https:\/\/www.dobrotenadom.si\/wp-content\/uploads\/2022\/12\/IMG_20231118_1839402.jpg\",\"datePublished\":\"2022-12-15T16:46:00+00:00\",\"dateModified\":\"2023-12-12T16:14:58+00:00\",\"breadcrumb\":{\"@id\":\"https:\/\/www.dobrotenadom.si\/hr\/izdelek\/poklon-paket-2\/#breadcrumb\"},\"inLanguage\":\"hr\",\"potentialAction\":[{\"@type\":\"ReadAction\",\"target\":[\"https:\/\/www.dobrotenadom.si\/hr\/izdelek\/poklon-paket-2\/\"]}]},{\"@type\":\"ImageObject\",\"inLanguage\":\"hr\",\"@id\":\"https:\/\/www.dobrotenadom.si\/hr\/izdelek\/poklon-paket-2\/#primaryimage\",\"url\":\"https:\/\/www.dobrotenadom.si\/wp-content\/uploads\/2022\/12\/IMG_20231118_1839402.jpg\",\"contentUrl\":\"https:\/\/www.dobrotenadom.si\/wp-content\/uploads\/2022\/12\/IMG_20231118_1839402.jpg\",\"width\":1920,\"height\":1900},{\"@type\":\"BreadcrumbList\",\"@id\":\"https:\/\/www.dobrotenadom.si\/hr\/izdelek\/poklon-paket-2\/#breadcrumb\",\"itemListElement\":[{\"@type\":\"ListItem\",\"position\":1,\"name\":\"Home\",\"item\":\"https:\/\/www.dobrotenadom.si\/hr\/\"},{\"@type\":\"ListItem\",\"position\":2,\"name\":\"Trgovina\",\"item\":\"https:\/\/www.dobrotenadom.si\/hr\/trgovina\/\"},{\"@type\":\"ListItem\",\"position\":3,\"name\":\"Poklon paket 2\"}]},{\"@type\":\"WebSite\",\"@id\":\"https:\/\/www.dobrotenadom.si\/#website\",\"url\":\"https:\/\/www.dobrotenadom.si\/\",\"name\":\"Dobrote Na Dom\",\"description\":\"\",\"potentialAction\":[{\"@type\":\"SearchAction\",\"target\":{\"@type\":\"EntryPoint\",\"urlTemplate\":\"https:\/\/www.dobrotenadom.si\/?s={search_term_string}\"},\"query-input\":{\"@type\":\"PropertyValueSpecification\",\"valueRequired\":true,\"valueName\":\"search_term_string\"}}],\"inLanguage\":\"hr\"}]}<\/script>\n<!-- \/ Yoast SEO plugin. -->","yoast_head_json":{"title":"Poklon paket 2 - Dobrote Na Dom","robots":{"index":"index","follow":"follow","max-snippet":"max-snippet:-1","max-image-preview":"max-image-preview:large","max-video-preview":"max-video-preview:-1"},"canonical":"https:\/\/www.dobrotenadom.si\/hr\/izdelek\/poklon-paket-2\/","og_locale":"hr_HR","og_type":"article","og_title":"Poklon paket 2 - Dobrote Na Dom","og_description":"\u017delite svoje prijatelje, zaposlenike ili poslovne partnere obdariti kvalitetnim i vi\u0161estruko nagra\u0111ivanim doma\u0107im proizvodima? Onda ste na pravoj adresi...  Paket uklju\u010duje:  &gt;Suha svinjska kobasica 200g&lt; ambala\u017ea Kartonsko pakiranje - dimenzije 24,9 x 19,5 x 8 cm","og_url":"https:\/\/www.dobrotenadom.si\/hr\/izdelek\/poklon-paket-2\/","og_site_name":"Dobrote Na Dom","article_modified_time":"2023-12-12T16:14:58+00:00","og_image":[{"width":1920,"height":1900,"url":"https:\/\/www.dobrotenadom.si\/wp-content\/uploads\/2022\/12\/IMG_20231118_1839402.jpg","type":"image\/jpeg"}],"twitter_card":"summary_large_image","schema":{"@context":"https:\/\/schema.org","@graph":[{"@type":"WebPage","@id":"https:\/\/www.dobrotenadom.si\/hr\/izdelek\/poklon-paket-2\/","url":"https:\/\/www.dobrotenadom.si\/hr\/izdelek\/poklon-paket-2\/","name":"Poklon paket 2 - Dobrote Na Dom","isPartOf":{"@id":"https:\/\/www.dobrotenadom.si\/#website"},"primaryImageOfPage":{"@id":"https:\/\/www.dobrotenadom.si\/hr\/izdelek\/poklon-paket-2\/#primaryimage"},"image":{"@id":"https:\/\/www.dobrotenadom.si\/hr\/izdelek\/poklon-paket-2\/#primaryimage"},"thumbnailUrl":"https:\/\/www.dobrotenadom.si\/wp-content\/uploads\/2022\/12\/IMG_20231118_1839402.jpg","datePublished":"2022-12-15T16:46:00+00:00","dateModified":"2023-12-12T16:14:58+00:00","breadcrumb":{"@id":"https:\/\/www.dobrotenadom.si\/hr\/izdelek\/poklon-paket-2\/#breadcrumb"},"inLanguage":"hr","potentialAction":[{"@type":"ReadAction","target":["https:\/\/www.dobrotenadom.si\/hr\/izdelek\/poklon-paket-2\/"]}]},{"@type":"ImageObject","inLanguage":"hr","@id":"https:\/\/www.dobrotenadom.si\/hr\/izdelek\/poklon-paket-2\/#primaryimage","url":"https:\/\/www.dobrotenadom.si\/wp-content\/uploads\/2022\/12\/IMG_20231118_1839402.jpg","contentUrl":"https:\/\/www.dobrotenadom.si\/wp-content\/uploads\/2022\/12\/IMG_20231118_1839402.jpg","width":1920,"height":1900},{"@type":"BreadcrumbList","@id":"https:\/\/www.dobrotenadom.si\/hr\/izdelek\/poklon-paket-2\/#breadcrumb","itemListElement":[{"@type":"ListItem","position":1,"name":"Home","item":"https:\/\/www.dobrotenadom.si\/hr\/"},{"@type":"ListItem","position":2,"name":"Trgovina","item":"https:\/\/www.dobrotenadom.si\/hr\/trgovina\/"},{"@type":"ListItem","position":3,"name":"Poklon paket 2"}]},{"@type":"WebSite","@id":"https:\/\/www.dobrotenadom.si\/#website","url":"https:\/\/www.dobrotenadom.si\/","name":"Dobrote Na Dom","description":"","potentialAction":[{"@type":"SearchAction","target":{"@type":"EntryPoint","urlTemplate":"https:\/\/www.dobrotenadom.si\/?s={search_term_string}"},"query-input":{"@type":"PropertyValueSpecification","valueRequired":true,"valueName":"search_term_string"}}],"inLanguage":"hr"}]}},"_links":{"self":[{"href":"https:\/\/www.dobrotenadom.si\/hr\/wp-json\/wp\/v2\/product\/17153","targetHints":{"allow":["GET"]}}],"collection":[{"href":"https:\/\/www.dobrotenadom.si\/hr\/wp-json\/wp\/v2\/product"}],"about":[{"href":"https:\/\/www.dobrotenadom.si\/hr\/wp-json\/wp\/v2\/types\/product"}],"wp:featuredmedia":[{"embeddable":true,"href":"https:\/\/www.dobrotenadom.si\/hr\/wp-json\/wp\/v2\/media\/16871"}],"wp:attachment":[{"href":"https:\/\/www.dobrotenadom.si\/hr\/wp-json\/wp\/v2\/media?parent=17153"}],"wp:term":[{"taxonomy":"product_brand","embeddable":true,"href":"https:\/\/www.dobrotenadom.si\/hr\/wp-json\/wp\/v2\/product_brand?post=17153"},{"taxonomy":"product_cat","embeddable":true,"href":"https:\/\/www.dobrotenadom.si\/hr\/wp-json\/wp\/v2\/product_cat?post=17153"},{"taxonomy":"product_tag","embeddable":true,"href":"https:\/\/www.dobrotenadom.si\/hr\/wp-json\/wp\/v2\/product_tag?post=17153"}],"curies":[{"name":"wp","href":"https:\/\/api.w.org\/{rel}","templated":true}]}}