{"id":17158,"date":"2022-12-11T16:54:04","date_gmt":"2022-12-11T15:54:04","guid":{"rendered":"https:\/\/www.dobrotenadom.si\/izdelek\/ocat-od-aronije-250-ml\/"},"modified":"2022-12-11T16:54:04","modified_gmt":"2022-12-11T15:54:04","slug":"ocat-od-aronije-250-ml","status":"publish","type":"product","link":"https:\/\/www.dobrotenadom.si\/hr\/izdelek\/ocat-od-aronije-250-ml\/","title":{"rendered":"OCAT OD ARONIJE 250 ML"},"content":{"rendered":"","protected":false},"excerpt":{"rendered":"<p>Raste na brdu Gorica u Dolenju iznad sela Pe\u010de. Ru\u010dno brano visokokvalitetno vo\u0107e do\u010darava harmoniju okusa i mirisa, pru\u017eaju\u0107i va\u0161im okusnim pupoljcima svje\u017ei vo\u0107ni do\u017eivljaj. Savr\u0161eno pristaje<br \/>\nlisnate salate i kao preljev za grah.<\/p>\n","protected":false},"featured_media":16865,"template":"","meta":{"_acf_changed":false},"product_brand":[],"product_cat":[474,448],"product_tag":[],"class_list":{"0":"post-17158","1":"product","2":"type-product","3":"status-publish","4":"has-post-thumbnail","6":"product_cat-aronija-hr","7":"product_cat-poklon-paketi","10":"first","11":"instock","12":"taxable","13":"shipping-taxable","14":"purchasable","15":"product-type-simple"},"acf":[],"wcpa_form_fields":null,"yoast_head":"<!-- This site is optimized with the Yoast SEO plugin v26.5 - https:\/\/yoast.com\/wordpress\/plugins\/seo\/ -->\n<title>OCAT OD ARONIJE 250 ML - Dobrote Na Dom<\/title>\n<meta name=\"robots\" content=\"index, follow, max-snippet:-1, max-image-preview:large, max-video-preview:-1\" \/>\n<link rel=\"canonical\" href=\"https:\/\/www.dobrotenadom.si\/hr\/izdelek\/ocat-od-aronije-250-ml\/\" \/>\n<meta property=\"og:locale\" content=\"hr_HR\" \/>\n<meta property=\"og:type\" content=\"article\" \/>\n<meta property=\"og:title\" content=\"OCAT OD ARONIJE 250 ML - Dobrote Na Dom\" \/>\n<meta property=\"og:description\" content=\"Raste na brdu Gorica u Dolenju iznad sela Pe\u010de. Ru\u010dno brano visokokvalitetno vo\u0107e do\u010darava harmoniju okusa i mirisa, pru\u017eaju\u0107i va\u0161im okusnim pupoljcima svje\u017ei vo\u0107ni do\u017eivljaj. Savr\u0161eno pristaje lisnate salate i kao preljev za grah.\" \/>\n<meta property=\"og:url\" content=\"https:\/\/www.dobrotenadom.si\/hr\/izdelek\/ocat-od-aronije-250-ml\/\" \/>\n<meta property=\"og:site_name\" content=\"Dobrote Na Dom\" \/>\n<meta property=\"og:image\" content=\"https:\/\/www.dobrotenadom.si\/wp-content\/uploads\/2020\/11\/IMG_20221210_211753_2.jpg\" \/>\n\t<meta property=\"og:image:width\" content=\"1097\" \/>\n\t<meta property=\"og:image:height\" content=\"1920\" \/>\n\t<meta property=\"og:image:type\" content=\"image\/jpeg\" \/>\n<meta name=\"twitter:card\" content=\"summary_large_image\" \/>\n<script type=\"application\/ld+json\" class=\"yoast-schema-graph\">{\"@context\":\"https:\/\/schema.org\",\"@graph\":[{\"@type\":\"WebPage\",\"@id\":\"https:\/\/www.dobrotenadom.si\/hr\/izdelek\/ocat-od-aronije-250-ml\/\",\"url\":\"https:\/\/www.dobrotenadom.si\/hr\/izdelek\/ocat-od-aronije-250-ml\/\",\"name\":\"OCAT OD ARONIJE 250 ML - Dobrote Na Dom\",\"isPartOf\":{\"@id\":\"https:\/\/www.dobrotenadom.si\/#website\"},\"primaryImageOfPage\":{\"@id\":\"https:\/\/www.dobrotenadom.si\/hr\/izdelek\/ocat-od-aronije-250-ml\/#primaryimage\"},\"image\":{\"@id\":\"https:\/\/www.dobrotenadom.si\/hr\/izdelek\/ocat-od-aronije-250-ml\/#primaryimage\"},\"thumbnailUrl\":\"https:\/\/www.dobrotenadom.si\/wp-content\/uploads\/2020\/11\/IMG_20221210_211753_2.jpg\",\"datePublished\":\"2022-12-11T15:54:04+00:00\",\"breadcrumb\":{\"@id\":\"https:\/\/www.dobrotenadom.si\/hr\/izdelek\/ocat-od-aronije-250-ml\/#breadcrumb\"},\"inLanguage\":\"hr\",\"potentialAction\":[{\"@type\":\"ReadAction\",\"target\":[\"https:\/\/www.dobrotenadom.si\/hr\/izdelek\/ocat-od-aronije-250-ml\/\"]}]},{\"@type\":\"ImageObject\",\"inLanguage\":\"hr\",\"@id\":\"https:\/\/www.dobrotenadom.si\/hr\/izdelek\/ocat-od-aronije-250-ml\/#primaryimage\",\"url\":\"https:\/\/www.dobrotenadom.si\/wp-content\/uploads\/2020\/11\/IMG_20221210_211753_2.jpg\",\"contentUrl\":\"https:\/\/www.dobrotenadom.si\/wp-content\/uploads\/2020\/11\/IMG_20221210_211753_2.jpg\",\"width\":1097,\"height\":1920},{\"@type\":\"BreadcrumbList\",\"@id\":\"https:\/\/www.dobrotenadom.si\/hr\/izdelek\/ocat-od-aronije-250-ml\/#breadcrumb\",\"itemListElement\":[{\"@type\":\"ListItem\",\"position\":1,\"name\":\"Home\",\"item\":\"https:\/\/www.dobrotenadom.si\/hr\/\"},{\"@type\":\"ListItem\",\"position\":2,\"name\":\"Trgovina\",\"item\":\"https:\/\/www.dobrotenadom.si\/hr\/trgovina\/\"},{\"@type\":\"ListItem\",\"position\":3,\"name\":\"OCAT OD ARONIJE 250 ML\"}]},{\"@type\":\"WebSite\",\"@id\":\"https:\/\/www.dobrotenadom.si\/#website\",\"url\":\"https:\/\/www.dobrotenadom.si\/\",\"name\":\"Dobrote Na Dom\",\"description\":\"\",\"potentialAction\":[{\"@type\":\"SearchAction\",\"target\":{\"@type\":\"EntryPoint\",\"urlTemplate\":\"https:\/\/www.dobrotenadom.si\/?s={search_term_string}\"},\"query-input\":{\"@type\":\"PropertyValueSpecification\",\"valueRequired\":true,\"valueName\":\"search_term_string\"}}],\"inLanguage\":\"hr\"}]}<\/script>\n<!-- \/ Yoast SEO plugin. -->","yoast_head_json":{"title":"OCAT OD ARONIJE 250 ML - Dobrote Na Dom","robots":{"index":"index","follow":"follow","max-snippet":"max-snippet:-1","max-image-preview":"max-image-preview:large","max-video-preview":"max-video-preview:-1"},"canonical":"https:\/\/www.dobrotenadom.si\/hr\/izdelek\/ocat-od-aronije-250-ml\/","og_locale":"hr_HR","og_type":"article","og_title":"OCAT OD ARONIJE 250 ML - Dobrote Na Dom","og_description":"Raste na brdu Gorica u Dolenju iznad sela Pe\u010de. Ru\u010dno brano visokokvalitetno vo\u0107e do\u010darava harmoniju okusa i mirisa, pru\u017eaju\u0107i va\u0161im okusnim pupoljcima svje\u017ei vo\u0107ni do\u017eivljaj. Savr\u0161eno pristaje lisnate salate i kao preljev za grah.","og_url":"https:\/\/www.dobrotenadom.si\/hr\/izdelek\/ocat-od-aronije-250-ml\/","og_site_name":"Dobrote Na Dom","og_image":[{"width":1097,"height":1920,"url":"https:\/\/www.dobrotenadom.si\/wp-content\/uploads\/2020\/11\/IMG_20221210_211753_2.jpg","type":"image\/jpeg"}],"twitter_card":"summary_large_image","schema":{"@context":"https:\/\/schema.org","@graph":[{"@type":"WebPage","@id":"https:\/\/www.dobrotenadom.si\/hr\/izdelek\/ocat-od-aronije-250-ml\/","url":"https:\/\/www.dobrotenadom.si\/hr\/izdelek\/ocat-od-aronije-250-ml\/","name":"OCAT OD ARONIJE 250 ML - Dobrote Na Dom","isPartOf":{"@id":"https:\/\/www.dobrotenadom.si\/#website"},"primaryImageOfPage":{"@id":"https:\/\/www.dobrotenadom.si\/hr\/izdelek\/ocat-od-aronije-250-ml\/#primaryimage"},"image":{"@id":"https:\/\/www.dobrotenadom.si\/hr\/izdelek\/ocat-od-aronije-250-ml\/#primaryimage"},"thumbnailUrl":"https:\/\/www.dobrotenadom.si\/wp-content\/uploads\/2020\/11\/IMG_20221210_211753_2.jpg","datePublished":"2022-12-11T15:54:04+00:00","breadcrumb":{"@id":"https:\/\/www.dobrotenadom.si\/hr\/izdelek\/ocat-od-aronije-250-ml\/#breadcrumb"},"inLanguage":"hr","potentialAction":[{"@type":"ReadAction","target":["https:\/\/www.dobrotenadom.si\/hr\/izdelek\/ocat-od-aronije-250-ml\/"]}]},{"@type":"ImageObject","inLanguage":"hr","@id":"https:\/\/www.dobrotenadom.si\/hr\/izdelek\/ocat-od-aronije-250-ml\/#primaryimage","url":"https:\/\/www.dobrotenadom.si\/wp-content\/uploads\/2020\/11\/IMG_20221210_211753_2.jpg","contentUrl":"https:\/\/www.dobrotenadom.si\/wp-content\/uploads\/2020\/11\/IMG_20221210_211753_2.jpg","width":1097,"height":1920},{"@type":"BreadcrumbList","@id":"https:\/\/www.dobrotenadom.si\/hr\/izdelek\/ocat-od-aronije-250-ml\/#breadcrumb","itemListElement":[{"@type":"ListItem","position":1,"name":"Home","item":"https:\/\/www.dobrotenadom.si\/hr\/"},{"@type":"ListItem","position":2,"name":"Trgovina","item":"https:\/\/www.dobrotenadom.si\/hr\/trgovina\/"},{"@type":"ListItem","position":3,"name":"OCAT OD ARONIJE 250 ML"}]},{"@type":"WebSite","@id":"https:\/\/www.dobrotenadom.si\/#website","url":"https:\/\/www.dobrotenadom.si\/","name":"Dobrote Na Dom","description":"","potentialAction":[{"@type":"SearchAction","target":{"@type":"EntryPoint","urlTemplate":"https:\/\/www.dobrotenadom.si\/?s={search_term_string}"},"query-input":{"@type":"PropertyValueSpecification","valueRequired":true,"valueName":"search_term_string"}}],"inLanguage":"hr"}]}},"_links":{"self":[{"href":"https:\/\/www.dobrotenadom.si\/hr\/wp-json\/wp\/v2\/product\/17158","targetHints":{"allow":["GET"]}}],"collection":[{"href":"https:\/\/www.dobrotenadom.si\/hr\/wp-json\/wp\/v2\/product"}],"about":[{"href":"https:\/\/www.dobrotenadom.si\/hr\/wp-json\/wp\/v2\/types\/product"}],"wp:featuredmedia":[{"embeddable":true,"href":"https:\/\/www.dobrotenadom.si\/hr\/wp-json\/wp\/v2\/media\/16865"}],"wp:attachment":[{"href":"https:\/\/www.dobrotenadom.si\/hr\/wp-json\/wp\/v2\/media?parent=17158"}],"wp:term":[{"taxonomy":"product_brand","embeddable":true,"href":"https:\/\/www.dobrotenadom.si\/hr\/wp-json\/wp\/v2\/product_brand?post=17158"},{"taxonomy":"product_cat","embeddable":true,"href":"https:\/\/www.dobrotenadom.si\/hr\/wp-json\/wp\/v2\/product_cat?post=17158"},{"taxonomy":"product_tag","embeddable":true,"href":"https:\/\/www.dobrotenadom.si\/hr\/wp-json\/wp\/v2\/product_tag?post=17158"}],"curies":[{"name":"wp","href":"https:\/\/api.w.org\/{rel}","templated":true}]}}