{"id":17178,"date":"2020-12-14T16:31:27","date_gmt":"2020-12-14T15:31:27","guid":{"rendered":"https:\/\/www.dobrotenadom.si\/izdelek\/aroni-pjenusac-075l-karton-6-kom\/"},"modified":"2020-12-14T16:31:27","modified_gmt":"2020-12-14T15:31:27","slug":"aroni-pjenusac-075l-karton-6-kom","status":"publish","type":"product","link":"https:\/\/www.dobrotenadom.si\/hr\/izdelek\/aroni-pjenusac-075l-karton-6-kom\/","title":{"rendered":"Aroni pjenu\u0161ac 0&#8217;75l &#8211; karton 6 kom"},"content":{"rendered":"","protected":false},"excerpt":{"rendered":"<p>Karton &#8211; Aroni pjenu\u0161ac &#8211; 6x 0,75l<\/p>\n<p>Raste na brdu Gorica u Dolenju iznad sela Pe\u010de. Ru\u010dno brano visokokvalitetno vo\u0107e do\u010darava harmoniju okusa i mirisa, pru\u017eaju\u0107i va\u0161im okusnim pupoljcima svje\u017ei vo\u0107ni do\u017eivljaj. Odli\u010dno se sla\u017ee s jakim sirevima, jelima od tjestenine, peradi, janjetine i kuni\u0107a.<\/p>\n<p>Posebno ga preporu\u010dujemo uz jela s ro\u0161tilja i divlja\u010d.<\/p>\n<p>Suho pjenu\u0161avo vo\u0107no vino od bobica aronije<\/p>\n<p>Metoda: Charmat<\/p>\n<p>Limitirano izdanje od 480 boca.<\/p>\n<p>Broj serije: 1\/2020<\/p>\n<p>SADR\u017dAJ: 6x 0,75 l<\/p>\n<p>alk. 14 % vol.<\/p>\n<p>Sadr\u017ei sulfite<\/p>\n<p>Proizvo\u0111a\u010d: MIJ d.o.o., Pe\u010de 11, 1290 Grosuplje<\/p>\n<p>&#8220;Ministar zdravlja upozorava: Pretjerana konzumacija alkohola \u0161teti zdravlju!&#8221;<\/p>\n","protected":false},"featured_media":16796,"template":"","meta":{"_acf_changed":false},"product_brand":[],"product_cat":[448,449,451],"product_tag":[],"class_list":{"0":"post-17178","1":"product","2":"type-product","3":"status-publish","4":"has-post-thumbnail","6":"product_cat-poklon-paketi","7":"product_cat-proizvodi-od-aronije","8":"product_cat-vino-in-gin-hr","9":"wcpa_has_options","12":"first","13":"instock","14":"sale","15":"taxable","16":"shipping-taxable","17":"purchasable","18":"product-type-simple"},"acf":[],"wcpa_form_fields":{"rules":{"pric_overide_base_price":false,"pric_overide_base_price_if_gt_zero":false,"pric_overide_base_price_fully":false,"pric_cal_option_once":false,"pric_use_as_fee":false,"bind_quantity":false,"quantity_bind_formula":false},"fields":[{"type":"checkbox-group","required":true,"elementId":"wcpa-checkbox-group-1605945410268","label":"Starost","priceOptions":"different_for_all","pricingType":"fixed","name":"checkbox-group-1605945410268","cl_rule":"show","col":6,"values":[{"label":"Potvr\u0111ujem da sam stariji od 18 godina.","value":"option-1","price":"","pimage":"","pimage_id":"","pthumb":""}],"relations":false,"form_id":17108,"form_rules":{"pric_cal_option_once":false,"exclude_from_discount":false,"pric_use_as_fee":false,"fee_label":"Fee","render_after_acb":false,"disp_hide_options_price":false}}]},"yoast_head":"<!-- This site is optimized with the Yoast SEO plugin v26.5 - https:\/\/yoast.com\/wordpress\/plugins\/seo\/ -->\n<title>Aroni pjenu\u0161ac 0&#039;75l - karton 6 kom - Dobrote Na Dom<\/title>\n<meta name=\"robots\" content=\"index, follow, max-snippet:-1, max-image-preview:large, max-video-preview:-1\" \/>\n<link rel=\"canonical\" href=\"https:\/\/www.dobrotenadom.si\/hr\/izdelek\/aroni-pjenusac-075l-karton-6-kom\/\" \/>\n<meta property=\"og:locale\" content=\"hr_HR\" \/>\n<meta property=\"og:type\" content=\"article\" \/>\n<meta property=\"og:title\" content=\"Aroni pjenu\u0161ac 0&#039;75l - karton 6 kom - Dobrote Na Dom\" \/>\n<meta property=\"og:description\" content=\"Karton - Aroni pjenu\u0161ac - 6x 0,75l  Raste na brdu Gorica u Dolenju iznad sela Pe\u010de. Ru\u010dno brano visokokvalitetno vo\u0107e do\u010darava harmoniju okusa i mirisa, pru\u017eaju\u0107i va\u0161im okusnim pupoljcima svje\u017ei vo\u0107ni do\u017eivljaj. Odli\u010dno se sla\u017ee s jakim sirevima, jelima od tjestenine, peradi, janjetine i kuni\u0107a.  Posebno ga preporu\u010dujemo uz jela s ro\u0161tilja i divlja\u010d.  Suho pjenu\u0161avo vo\u0107no vino od bobica aronije  Metoda: Charmat  Limitirano izdanje od 480 boca.  Broj serije: 1\/2020  SADR\u017dAJ: 6x 0,75 l  alk. 14 % vol.  Sadr\u017ei sulfite  Proizvo\u0111a\u010d: MIJ d.o.o., Pe\u010de 11, 1290 Grosuplje  &quot;Ministar zdravlja upozorava: Pretjerana konzumacija alkohola \u0161teti zdravlju!&quot;\" \/>\n<meta property=\"og:url\" content=\"https:\/\/www.dobrotenadom.si\/hr\/izdelek\/aroni-pjenusac-075l-karton-6-kom\/\" \/>\n<meta property=\"og:site_name\" content=\"Dobrote Na Dom\" \/>\n<meta property=\"og:image\" content=\"https:\/\/www.dobrotenadom.si\/wp-content\/uploads\/2020\/12\/karton-penine.jpg\" \/>\n\t<meta property=\"og:image:width\" content=\"1418\" \/>\n\t<meta property=\"og:image:height\" content=\"1920\" \/>\n\t<meta property=\"og:image:type\" content=\"image\/jpeg\" \/>\n<meta name=\"twitter:card\" content=\"summary_large_image\" \/>\n<script type=\"application\/ld+json\" class=\"yoast-schema-graph\">{\"@context\":\"https:\/\/schema.org\",\"@graph\":[{\"@type\":\"WebPage\",\"@id\":\"https:\/\/www.dobrotenadom.si\/hr\/izdelek\/aroni-pjenusac-075l-karton-6-kom\/\",\"url\":\"https:\/\/www.dobrotenadom.si\/hr\/izdelek\/aroni-pjenusac-075l-karton-6-kom\/\",\"name\":\"Aroni pjenu\u0161ac 0'75l - karton 6 kom - Dobrote Na Dom\",\"isPartOf\":{\"@id\":\"https:\/\/www.dobrotenadom.si\/#website\"},\"primaryImageOfPage\":{\"@id\":\"https:\/\/www.dobrotenadom.si\/hr\/izdelek\/aroni-pjenusac-075l-karton-6-kom\/#primaryimage\"},\"image\":{\"@id\":\"https:\/\/www.dobrotenadom.si\/hr\/izdelek\/aroni-pjenusac-075l-karton-6-kom\/#primaryimage\"},\"thumbnailUrl\":\"https:\/\/www.dobrotenadom.si\/wp-content\/uploads\/2020\/12\/karton-penine.jpg\",\"datePublished\":\"2020-12-14T15:31:27+00:00\",\"breadcrumb\":{\"@id\":\"https:\/\/www.dobrotenadom.si\/hr\/izdelek\/aroni-pjenusac-075l-karton-6-kom\/#breadcrumb\"},\"inLanguage\":\"hr\",\"potentialAction\":[{\"@type\":\"ReadAction\",\"target\":[\"https:\/\/www.dobrotenadom.si\/hr\/izdelek\/aroni-pjenusac-075l-karton-6-kom\/\"]}]},{\"@type\":\"ImageObject\",\"inLanguage\":\"hr\",\"@id\":\"https:\/\/www.dobrotenadom.si\/hr\/izdelek\/aroni-pjenusac-075l-karton-6-kom\/#primaryimage\",\"url\":\"https:\/\/www.dobrotenadom.si\/wp-content\/uploads\/2020\/12\/karton-penine.jpg\",\"contentUrl\":\"https:\/\/www.dobrotenadom.si\/wp-content\/uploads\/2020\/12\/karton-penine.jpg\",\"width\":1418,\"height\":1920},{\"@type\":\"BreadcrumbList\",\"@id\":\"https:\/\/www.dobrotenadom.si\/hr\/izdelek\/aroni-pjenusac-075l-karton-6-kom\/#breadcrumb\",\"itemListElement\":[{\"@type\":\"ListItem\",\"position\":1,\"name\":\"Home\",\"item\":\"https:\/\/www.dobrotenadom.si\/hr\/\"},{\"@type\":\"ListItem\",\"position\":2,\"name\":\"Trgovina\",\"item\":\"https:\/\/www.dobrotenadom.si\/hr\/trgovina\/\"},{\"@type\":\"ListItem\",\"position\":3,\"name\":\"Aroni pjenu\u0161ac 0&#8217;75l &#8211; karton 6 kom\"}]},{\"@type\":\"WebSite\",\"@id\":\"https:\/\/www.dobrotenadom.si\/#website\",\"url\":\"https:\/\/www.dobrotenadom.si\/\",\"name\":\"Dobrote Na Dom\",\"description\":\"\",\"potentialAction\":[{\"@type\":\"SearchAction\",\"target\":{\"@type\":\"EntryPoint\",\"urlTemplate\":\"https:\/\/www.dobrotenadom.si\/?s={search_term_string}\"},\"query-input\":{\"@type\":\"PropertyValueSpecification\",\"valueRequired\":true,\"valueName\":\"search_term_string\"}}],\"inLanguage\":\"hr\"}]}<\/script>\n<!-- \/ Yoast SEO plugin. -->","yoast_head_json":{"title":"Aroni pjenu\u0161ac 0'75l - karton 6 kom - Dobrote Na Dom","robots":{"index":"index","follow":"follow","max-snippet":"max-snippet:-1","max-image-preview":"max-image-preview:large","max-video-preview":"max-video-preview:-1"},"canonical":"https:\/\/www.dobrotenadom.si\/hr\/izdelek\/aroni-pjenusac-075l-karton-6-kom\/","og_locale":"hr_HR","og_type":"article","og_title":"Aroni pjenu\u0161ac 0'75l - karton 6 kom - Dobrote Na Dom","og_description":"Karton - Aroni pjenu\u0161ac - 6x 0,75l  Raste na brdu Gorica u Dolenju iznad sela Pe\u010de. Ru\u010dno brano visokokvalitetno vo\u0107e do\u010darava harmoniju okusa i mirisa, pru\u017eaju\u0107i va\u0161im okusnim pupoljcima svje\u017ei vo\u0107ni do\u017eivljaj. Odli\u010dno se sla\u017ee s jakim sirevima, jelima od tjestenine, peradi, janjetine i kuni\u0107a.  Posebno ga preporu\u010dujemo uz jela s ro\u0161tilja i divlja\u010d.  Suho pjenu\u0161avo vo\u0107no vino od bobica aronije  Metoda: Charmat  Limitirano izdanje od 480 boca.  Broj serije: 1\/2020  SADR\u017dAJ: 6x 0,75 l  alk. 14 % vol.  Sadr\u017ei sulfite  Proizvo\u0111a\u010d: MIJ d.o.o., Pe\u010de 11, 1290 Grosuplje  \"Ministar zdravlja upozorava: Pretjerana konzumacija alkohola \u0161teti zdravlju!\"","og_url":"https:\/\/www.dobrotenadom.si\/hr\/izdelek\/aroni-pjenusac-075l-karton-6-kom\/","og_site_name":"Dobrote Na Dom","og_image":[{"width":1418,"height":1920,"url":"https:\/\/www.dobrotenadom.si\/wp-content\/uploads\/2020\/12\/karton-penine.jpg","type":"image\/jpeg"}],"twitter_card":"summary_large_image","schema":{"@context":"https:\/\/schema.org","@graph":[{"@type":"WebPage","@id":"https:\/\/www.dobrotenadom.si\/hr\/izdelek\/aroni-pjenusac-075l-karton-6-kom\/","url":"https:\/\/www.dobrotenadom.si\/hr\/izdelek\/aroni-pjenusac-075l-karton-6-kom\/","name":"Aroni pjenu\u0161ac 0'75l - karton 6 kom - Dobrote Na Dom","isPartOf":{"@id":"https:\/\/www.dobrotenadom.si\/#website"},"primaryImageOfPage":{"@id":"https:\/\/www.dobrotenadom.si\/hr\/izdelek\/aroni-pjenusac-075l-karton-6-kom\/#primaryimage"},"image":{"@id":"https:\/\/www.dobrotenadom.si\/hr\/izdelek\/aroni-pjenusac-075l-karton-6-kom\/#primaryimage"},"thumbnailUrl":"https:\/\/www.dobrotenadom.si\/wp-content\/uploads\/2020\/12\/karton-penine.jpg","datePublished":"2020-12-14T15:31:27+00:00","breadcrumb":{"@id":"https:\/\/www.dobrotenadom.si\/hr\/izdelek\/aroni-pjenusac-075l-karton-6-kom\/#breadcrumb"},"inLanguage":"hr","potentialAction":[{"@type":"ReadAction","target":["https:\/\/www.dobrotenadom.si\/hr\/izdelek\/aroni-pjenusac-075l-karton-6-kom\/"]}]},{"@type":"ImageObject","inLanguage":"hr","@id":"https:\/\/www.dobrotenadom.si\/hr\/izdelek\/aroni-pjenusac-075l-karton-6-kom\/#primaryimage","url":"https:\/\/www.dobrotenadom.si\/wp-content\/uploads\/2020\/12\/karton-penine.jpg","contentUrl":"https:\/\/www.dobrotenadom.si\/wp-content\/uploads\/2020\/12\/karton-penine.jpg","width":1418,"height":1920},{"@type":"BreadcrumbList","@id":"https:\/\/www.dobrotenadom.si\/hr\/izdelek\/aroni-pjenusac-075l-karton-6-kom\/#breadcrumb","itemListElement":[{"@type":"ListItem","position":1,"name":"Home","item":"https:\/\/www.dobrotenadom.si\/hr\/"},{"@type":"ListItem","position":2,"name":"Trgovina","item":"https:\/\/www.dobrotenadom.si\/hr\/trgovina\/"},{"@type":"ListItem","position":3,"name":"Aroni pjenu\u0161ac 0&#8217;75l &#8211; karton 6 kom"}]},{"@type":"WebSite","@id":"https:\/\/www.dobrotenadom.si\/#website","url":"https:\/\/www.dobrotenadom.si\/","name":"Dobrote Na Dom","description":"","potentialAction":[{"@type":"SearchAction","target":{"@type":"EntryPoint","urlTemplate":"https:\/\/www.dobrotenadom.si\/?s={search_term_string}"},"query-input":{"@type":"PropertyValueSpecification","valueRequired":true,"valueName":"search_term_string"}}],"inLanguage":"hr"}]}},"_links":{"self":[{"href":"https:\/\/www.dobrotenadom.si\/hr\/wp-json\/wp\/v2\/product\/17178","targetHints":{"allow":["GET"]}}],"collection":[{"href":"https:\/\/www.dobrotenadom.si\/hr\/wp-json\/wp\/v2\/product"}],"about":[{"href":"https:\/\/www.dobrotenadom.si\/hr\/wp-json\/wp\/v2\/types\/product"}],"wp:featuredmedia":[{"embeddable":true,"href":"https:\/\/www.dobrotenadom.si\/hr\/wp-json\/wp\/v2\/media\/16796"}],"wp:attachment":[{"href":"https:\/\/www.dobrotenadom.si\/hr\/wp-json\/wp\/v2\/media?parent=17178"}],"wp:term":[{"taxonomy":"product_brand","embeddable":true,"href":"https:\/\/www.dobrotenadom.si\/hr\/wp-json\/wp\/v2\/product_brand?post=17178"},{"taxonomy":"product_cat","embeddable":true,"href":"https:\/\/www.dobrotenadom.si\/hr\/wp-json\/wp\/v2\/product_cat?post=17178"},{"taxonomy":"product_tag","embeddable":true,"href":"https:\/\/www.dobrotenadom.si\/hr\/wp-json\/wp\/v2\/product_tag?post=17178"}],"curies":[{"name":"wp","href":"https:\/\/api.w.org\/{rel}","templated":true}]}}