{"id":17182,"date":"2020-11-29T17:40:36","date_gmt":"2020-11-29T16:40:36","guid":{"rendered":"https:\/\/www.dobrotenadom.si\/izdelek\/aronija-hill-gin\/"},"modified":"2020-11-29T17:40:36","modified_gmt":"2020-11-29T16:40:36","slug":"aronija-hill-gin","status":"publish","type":"product","link":"https:\/\/www.dobrotenadom.si\/hr\/izdelek\/aronija-hill-gin\/","title":{"rendered":"ARONIJA HILL Gin"},"content":{"rendered":"","protected":false},"excerpt":{"rendered":"<p>Srce ARONIA HILL gina su bobice aronije koje rastu na na\u0161em brdu Gorice iznad sela Pe\u010de. Bobice aronije razvijaju jedinstvenu i svje\u017eu kompleksnu cvjetnu notu koju smo odabrali kao bazu na\u0161eg gina. Sadr\u017eaj bo\u010dice govori sam za sebe, 3x destiliranoj bazi aronije dodano je 12 za\u010dina i mirisa: kamilica, komora\u010d, bobice kleke, an\u0111elika, kardamom, kora naran\u010de, kora limuna, cvijet bazge, cvijet bagrema, \u0161ipak i kopriva. Svi ti sastojci daju mu posebna, \u010dak misti\u010dna svojstva.<\/p>\n<p>SADR\u017dAJ: 0,5l<\/p>\n<p>ALK. 40% VOL<\/p>\n<p>&#8220;Ministar zdravstva upozorava: Pretjerana konzumacija alkohola \u0161teti zdravlju!&#8221;<\/p>\n","protected":false},"featured_media":16786,"template":"","meta":{"_acf_changed":false},"product_brand":[],"product_cat":[448,451],"product_tag":[],"class_list":{"0":"post-17182","1":"product","2":"type-product","3":"status-publish","4":"has-post-thumbnail","6":"product_cat-poklon-paketi","7":"product_cat-vino-in-gin-hr","8":"wcpa_has_options","11":"first","12":"instock","13":"taxable","14":"shipping-taxable","15":"purchasable","16":"product-type-simple"},"acf":[],"wcpa_form_fields":{"rules":{"pric_overide_base_price":false,"pric_overide_base_price_if_gt_zero":false,"pric_overide_base_price_fully":false,"pric_cal_option_once":false,"pric_use_as_fee":false,"bind_quantity":false,"quantity_bind_formula":false},"fields":[{"type":"checkbox-group","required":true,"elementId":"wcpa-checkbox-group-1605945410268","label":"Starost","priceOptions":"different_for_all","pricingType":"fixed","name":"checkbox-group-1605945410268","cl_rule":"show","col":6,"values":[{"label":"Potvr\u0111ujem da sam stariji od 18 godina.","value":"option-1","price":"","pimage":"","pimage_id":"","pthumb":""}],"relations":false,"form_id":17108,"form_rules":{"pric_cal_option_once":false,"exclude_from_discount":false,"pric_use_as_fee":false,"fee_label":"Fee","render_after_acb":false,"disp_hide_options_price":false}}]},"yoast_head":"<!-- This site is optimized with the Yoast SEO plugin v26.5 - https:\/\/yoast.com\/wordpress\/plugins\/seo\/ -->\n<title>ARONIJA HILL Gin - Dobrote Na Dom<\/title>\n<meta name=\"robots\" content=\"index, follow, max-snippet:-1, max-image-preview:large, max-video-preview:-1\" \/>\n<link rel=\"canonical\" href=\"https:\/\/www.dobrotenadom.si\/hr\/izdelek\/aronija-hill-gin\/\" \/>\n<meta property=\"og:locale\" content=\"hr_HR\" \/>\n<meta property=\"og:type\" content=\"article\" \/>\n<meta property=\"og:title\" content=\"ARONIJA HILL Gin - Dobrote Na Dom\" \/>\n<meta property=\"og:description\" content=\"Srce ARONIA HILL gina su bobice aronije koje rastu na na\u0161em brdu Gorice iznad sela Pe\u010de. Bobice aronije razvijaju jedinstvenu i svje\u017eu kompleksnu cvjetnu notu koju smo odabrali kao bazu na\u0161eg gina. Sadr\u017eaj bo\u010dice govori sam za sebe, 3x destiliranoj bazi aronije dodano je 12 za\u010dina i mirisa: kamilica, komora\u010d, bobice kleke, an\u0111elika, kardamom, kora naran\u010de, kora limuna, cvijet bazge, cvijet bagrema, \u0161ipak i kopriva. Svi ti sastojci daju mu posebna, \u010dak misti\u010dna svojstva.  SADR\u017dAJ: 0,5l  ALK. 40% VOL  &quot;Ministar zdravstva upozorava: Pretjerana konzumacija alkohola \u0161teti zdravlju!&quot;\" \/>\n<meta property=\"og:url\" content=\"https:\/\/www.dobrotenadom.si\/hr\/izdelek\/aronija-hill-gin\/\" \/>\n<meta property=\"og:site_name\" content=\"Dobrote Na Dom\" \/>\n<meta property=\"og:image\" content=\"https:\/\/www.dobrotenadom.si\/wp-content\/uploads\/2018\/02\/IMG_20201120_144536_2.jpg\" \/>\n\t<meta property=\"og:image:width\" content=\"1903\" \/>\n\t<meta property=\"og:image:height\" content=\"1920\" \/>\n\t<meta property=\"og:image:type\" content=\"image\/jpeg\" \/>\n<meta name=\"twitter:card\" content=\"summary_large_image\" \/>\n<script type=\"application\/ld+json\" class=\"yoast-schema-graph\">{\"@context\":\"https:\/\/schema.org\",\"@graph\":[{\"@type\":\"WebPage\",\"@id\":\"https:\/\/www.dobrotenadom.si\/hr\/izdelek\/aronija-hill-gin\/\",\"url\":\"https:\/\/www.dobrotenadom.si\/hr\/izdelek\/aronija-hill-gin\/\",\"name\":\"ARONIJA HILL Gin - Dobrote Na Dom\",\"isPartOf\":{\"@id\":\"https:\/\/www.dobrotenadom.si\/#website\"},\"primaryImageOfPage\":{\"@id\":\"https:\/\/www.dobrotenadom.si\/hr\/izdelek\/aronija-hill-gin\/#primaryimage\"},\"image\":{\"@id\":\"https:\/\/www.dobrotenadom.si\/hr\/izdelek\/aronija-hill-gin\/#primaryimage\"},\"thumbnailUrl\":\"https:\/\/www.dobrotenadom.si\/wp-content\/uploads\/2018\/02\/IMG_20201120_144536_2.jpg\",\"datePublished\":\"2020-11-29T16:40:36+00:00\",\"breadcrumb\":{\"@id\":\"https:\/\/www.dobrotenadom.si\/hr\/izdelek\/aronija-hill-gin\/#breadcrumb\"},\"inLanguage\":\"hr\",\"potentialAction\":[{\"@type\":\"ReadAction\",\"target\":[\"https:\/\/www.dobrotenadom.si\/hr\/izdelek\/aronija-hill-gin\/\"]}]},{\"@type\":\"ImageObject\",\"inLanguage\":\"hr\",\"@id\":\"https:\/\/www.dobrotenadom.si\/hr\/izdelek\/aronija-hill-gin\/#primaryimage\",\"url\":\"https:\/\/www.dobrotenadom.si\/wp-content\/uploads\/2018\/02\/IMG_20201120_144536_2.jpg\",\"contentUrl\":\"https:\/\/www.dobrotenadom.si\/wp-content\/uploads\/2018\/02\/IMG_20201120_144536_2.jpg\",\"width\":1903,\"height\":1920},{\"@type\":\"BreadcrumbList\",\"@id\":\"https:\/\/www.dobrotenadom.si\/hr\/izdelek\/aronija-hill-gin\/#breadcrumb\",\"itemListElement\":[{\"@type\":\"ListItem\",\"position\":1,\"name\":\"Home\",\"item\":\"https:\/\/www.dobrotenadom.si\/hr\/\"},{\"@type\":\"ListItem\",\"position\":2,\"name\":\"Trgovina\",\"item\":\"https:\/\/www.dobrotenadom.si\/hr\/trgovina\/\"},{\"@type\":\"ListItem\",\"position\":3,\"name\":\"ARONIJA HILL Gin\"}]},{\"@type\":\"WebSite\",\"@id\":\"https:\/\/www.dobrotenadom.si\/#website\",\"url\":\"https:\/\/www.dobrotenadom.si\/\",\"name\":\"Dobrote Na Dom\",\"description\":\"\",\"potentialAction\":[{\"@type\":\"SearchAction\",\"target\":{\"@type\":\"EntryPoint\",\"urlTemplate\":\"https:\/\/www.dobrotenadom.si\/?s={search_term_string}\"},\"query-input\":{\"@type\":\"PropertyValueSpecification\",\"valueRequired\":true,\"valueName\":\"search_term_string\"}}],\"inLanguage\":\"hr\"}]}<\/script>\n<!-- \/ Yoast SEO plugin. -->","yoast_head_json":{"title":"ARONIJA HILL Gin - Dobrote Na Dom","robots":{"index":"index","follow":"follow","max-snippet":"max-snippet:-1","max-image-preview":"max-image-preview:large","max-video-preview":"max-video-preview:-1"},"canonical":"https:\/\/www.dobrotenadom.si\/hr\/izdelek\/aronija-hill-gin\/","og_locale":"hr_HR","og_type":"article","og_title":"ARONIJA HILL Gin - Dobrote Na Dom","og_description":"Srce ARONIA HILL gina su bobice aronije koje rastu na na\u0161em brdu Gorice iznad sela Pe\u010de. Bobice aronije razvijaju jedinstvenu i svje\u017eu kompleksnu cvjetnu notu koju smo odabrali kao bazu na\u0161eg gina. Sadr\u017eaj bo\u010dice govori sam za sebe, 3x destiliranoj bazi aronije dodano je 12 za\u010dina i mirisa: kamilica, komora\u010d, bobice kleke, an\u0111elika, kardamom, kora naran\u010de, kora limuna, cvijet bazge, cvijet bagrema, \u0161ipak i kopriva. Svi ti sastojci daju mu posebna, \u010dak misti\u010dna svojstva.  SADR\u017dAJ: 0,5l  ALK. 40% VOL  \"Ministar zdravstva upozorava: Pretjerana konzumacija alkohola \u0161teti zdravlju!\"","og_url":"https:\/\/www.dobrotenadom.si\/hr\/izdelek\/aronija-hill-gin\/","og_site_name":"Dobrote Na Dom","og_image":[{"width":1903,"height":1920,"url":"https:\/\/www.dobrotenadom.si\/wp-content\/uploads\/2018\/02\/IMG_20201120_144536_2.jpg","type":"image\/jpeg"}],"twitter_card":"summary_large_image","schema":{"@context":"https:\/\/schema.org","@graph":[{"@type":"WebPage","@id":"https:\/\/www.dobrotenadom.si\/hr\/izdelek\/aronija-hill-gin\/","url":"https:\/\/www.dobrotenadom.si\/hr\/izdelek\/aronija-hill-gin\/","name":"ARONIJA HILL Gin - Dobrote Na Dom","isPartOf":{"@id":"https:\/\/www.dobrotenadom.si\/#website"},"primaryImageOfPage":{"@id":"https:\/\/www.dobrotenadom.si\/hr\/izdelek\/aronija-hill-gin\/#primaryimage"},"image":{"@id":"https:\/\/www.dobrotenadom.si\/hr\/izdelek\/aronija-hill-gin\/#primaryimage"},"thumbnailUrl":"https:\/\/www.dobrotenadom.si\/wp-content\/uploads\/2018\/02\/IMG_20201120_144536_2.jpg","datePublished":"2020-11-29T16:40:36+00:00","breadcrumb":{"@id":"https:\/\/www.dobrotenadom.si\/hr\/izdelek\/aronija-hill-gin\/#breadcrumb"},"inLanguage":"hr","potentialAction":[{"@type":"ReadAction","target":["https:\/\/www.dobrotenadom.si\/hr\/izdelek\/aronija-hill-gin\/"]}]},{"@type":"ImageObject","inLanguage":"hr","@id":"https:\/\/www.dobrotenadom.si\/hr\/izdelek\/aronija-hill-gin\/#primaryimage","url":"https:\/\/www.dobrotenadom.si\/wp-content\/uploads\/2018\/02\/IMG_20201120_144536_2.jpg","contentUrl":"https:\/\/www.dobrotenadom.si\/wp-content\/uploads\/2018\/02\/IMG_20201120_144536_2.jpg","width":1903,"height":1920},{"@type":"BreadcrumbList","@id":"https:\/\/www.dobrotenadom.si\/hr\/izdelek\/aronija-hill-gin\/#breadcrumb","itemListElement":[{"@type":"ListItem","position":1,"name":"Home","item":"https:\/\/www.dobrotenadom.si\/hr\/"},{"@type":"ListItem","position":2,"name":"Trgovina","item":"https:\/\/www.dobrotenadom.si\/hr\/trgovina\/"},{"@type":"ListItem","position":3,"name":"ARONIJA HILL Gin"}]},{"@type":"WebSite","@id":"https:\/\/www.dobrotenadom.si\/#website","url":"https:\/\/www.dobrotenadom.si\/","name":"Dobrote Na Dom","description":"","potentialAction":[{"@type":"SearchAction","target":{"@type":"EntryPoint","urlTemplate":"https:\/\/www.dobrotenadom.si\/?s={search_term_string}"},"query-input":{"@type":"PropertyValueSpecification","valueRequired":true,"valueName":"search_term_string"}}],"inLanguage":"hr"}]}},"_links":{"self":[{"href":"https:\/\/www.dobrotenadom.si\/hr\/wp-json\/wp\/v2\/product\/17182","targetHints":{"allow":["GET"]}}],"collection":[{"href":"https:\/\/www.dobrotenadom.si\/hr\/wp-json\/wp\/v2\/product"}],"about":[{"href":"https:\/\/www.dobrotenadom.si\/hr\/wp-json\/wp\/v2\/types\/product"}],"wp:featuredmedia":[{"embeddable":true,"href":"https:\/\/www.dobrotenadom.si\/hr\/wp-json\/wp\/v2\/media\/16786"}],"wp:attachment":[{"href":"https:\/\/www.dobrotenadom.si\/hr\/wp-json\/wp\/v2\/media?parent=17182"}],"wp:term":[{"taxonomy":"product_brand","embeddable":true,"href":"https:\/\/www.dobrotenadom.si\/hr\/wp-json\/wp\/v2\/product_brand?post=17182"},{"taxonomy":"product_cat","embeddable":true,"href":"https:\/\/www.dobrotenadom.si\/hr\/wp-json\/wp\/v2\/product_cat?post=17182"},{"taxonomy":"product_tag","embeddable":true,"href":"https:\/\/www.dobrotenadom.si\/hr\/wp-json\/wp\/v2\/product_tag?post=17182"}],"curies":[{"name":"wp","href":"https:\/\/api.w.org\/{rel}","templated":true}]}}