{"id":17213,"date":"2020-10-08T07:12:06","date_gmt":"2020-10-08T05:12:06","guid":{"rendered":"https:\/\/www.dobrotenadom.si\/izdelek\/dzem-od-sljiva-580g\/"},"modified":"2020-10-08T07:12:06","modified_gmt":"2020-10-08T05:12:06","slug":"dzem-od-sljiva-580g","status":"publish","type":"product","link":"https:\/\/www.dobrotenadom.si\/hr\/izdelek\/dzem-od-sljiva-580g\/","title":{"rendered":"D\u017eem od \u0161ljiva 580g"},"content":{"rendered":"","protected":false},"excerpt":{"rendered":"<p>Pekmez od \u0161ljiva pravi se na tradicionalan na\u010din. Sadr\u017ei veliku koli\u010dinu \u0161ljiva i minimalnu koli\u010dinu \u0161e\u0107era.<\/p>\n<p>Ne sadr\u017ei aditive i konzervanse.<\/p>\n<p>\u010cuvati na sobnoj temperaturi. Rok trajanja ozna\u010den na proizvodu.<\/p>\n<p>Pakiranje: neto 580 g<\/p>\n","protected":false},"featured_media":16726,"template":"","meta":{"_acf_changed":false},"product_brand":[],"product_cat":[472,473],"product_tag":[],"class_list":{"0":"post-17213","1":"product","2":"type-product","3":"status-publish","4":"has-post-thumbnail","6":"product_cat-marmelade-hr","7":"product_cat-slivova-hr","10":"first","11":"instock","12":"taxable","13":"shipping-taxable","14":"purchasable","15":"product-type-simple"},"acf":[],"wcpa_form_fields":null,"yoast_head":"<!-- This site is optimized with the Yoast SEO plugin v26.5 - https:\/\/yoast.com\/wordpress\/plugins\/seo\/ -->\n<title>D\u017eem od \u0161ljiva 580g - Dobrote Na Dom<\/title>\n<meta name=\"robots\" content=\"index, follow, max-snippet:-1, max-image-preview:large, max-video-preview:-1\" \/>\n<link rel=\"canonical\" href=\"https:\/\/www.dobrotenadom.si\/hr\/izdelek\/dzem-od-sljiva-580g\/\" \/>\n<meta property=\"og:locale\" content=\"hr_HR\" \/>\n<meta property=\"og:type\" content=\"article\" \/>\n<meta property=\"og:title\" content=\"D\u017eem od \u0161ljiva 580g - Dobrote Na Dom\" \/>\n<meta property=\"og:description\" content=\"Pekmez od \u0161ljiva pravi se na tradicionalan na\u010din. Sadr\u017ei veliku koli\u010dinu \u0161ljiva i minimalnu koli\u010dinu \u0161e\u0107era.  Ne sadr\u017ei aditive i konzervanse.  \u010cuvati na sobnoj temperaturi. Rok trajanja ozna\u010den na proizvodu.  Pakiranje: neto 580 g\" \/>\n<meta property=\"og:url\" content=\"https:\/\/www.dobrotenadom.si\/hr\/izdelek\/dzem-od-sljiva-580g\/\" \/>\n<meta property=\"og:site_name\" content=\"Dobrote Na Dom\" \/>\n<meta property=\"og:image\" content=\"https:\/\/www.dobrotenadom.si\/wp-content\/uploads\/2020\/10\/IMG_20201006_204552_2.jpg\" \/>\n\t<meta property=\"og:image:width\" content=\"1440\" \/>\n\t<meta property=\"og:image:height\" content=\"1920\" \/>\n\t<meta property=\"og:image:type\" content=\"image\/jpeg\" \/>\n<meta name=\"twitter:card\" content=\"summary_large_image\" \/>\n<script type=\"application\/ld+json\" class=\"yoast-schema-graph\">{\"@context\":\"https:\/\/schema.org\",\"@graph\":[{\"@type\":\"WebPage\",\"@id\":\"https:\/\/www.dobrotenadom.si\/hr\/izdelek\/dzem-od-sljiva-580g\/\",\"url\":\"https:\/\/www.dobrotenadom.si\/hr\/izdelek\/dzem-od-sljiva-580g\/\",\"name\":\"D\u017eem od \u0161ljiva 580g - Dobrote Na Dom\",\"isPartOf\":{\"@id\":\"https:\/\/www.dobrotenadom.si\/#website\"},\"primaryImageOfPage\":{\"@id\":\"https:\/\/www.dobrotenadom.si\/hr\/izdelek\/dzem-od-sljiva-580g\/#primaryimage\"},\"image\":{\"@id\":\"https:\/\/www.dobrotenadom.si\/hr\/izdelek\/dzem-od-sljiva-580g\/#primaryimage\"},\"thumbnailUrl\":\"https:\/\/www.dobrotenadom.si\/wp-content\/uploads\/2020\/10\/IMG_20201006_204552_2.jpg\",\"datePublished\":\"2020-10-08T05:12:06+00:00\",\"breadcrumb\":{\"@id\":\"https:\/\/www.dobrotenadom.si\/hr\/izdelek\/dzem-od-sljiva-580g\/#breadcrumb\"},\"inLanguage\":\"hr\",\"potentialAction\":[{\"@type\":\"ReadAction\",\"target\":[\"https:\/\/www.dobrotenadom.si\/hr\/izdelek\/dzem-od-sljiva-580g\/\"]}]},{\"@type\":\"ImageObject\",\"inLanguage\":\"hr\",\"@id\":\"https:\/\/www.dobrotenadom.si\/hr\/izdelek\/dzem-od-sljiva-580g\/#primaryimage\",\"url\":\"https:\/\/www.dobrotenadom.si\/wp-content\/uploads\/2020\/10\/IMG_20201006_204552_2.jpg\",\"contentUrl\":\"https:\/\/www.dobrotenadom.si\/wp-content\/uploads\/2020\/10\/IMG_20201006_204552_2.jpg\",\"width\":1440,\"height\":1920},{\"@type\":\"BreadcrumbList\",\"@id\":\"https:\/\/www.dobrotenadom.si\/hr\/izdelek\/dzem-od-sljiva-580g\/#breadcrumb\",\"itemListElement\":[{\"@type\":\"ListItem\",\"position\":1,\"name\":\"Home\",\"item\":\"https:\/\/www.dobrotenadom.si\/hr\/\"},{\"@type\":\"ListItem\",\"position\":2,\"name\":\"Trgovina\",\"item\":\"https:\/\/www.dobrotenadom.si\/hr\/trgovina\/\"},{\"@type\":\"ListItem\",\"position\":3,\"name\":\"D\u017eem od \u0161ljiva 580g\"}]},{\"@type\":\"WebSite\",\"@id\":\"https:\/\/www.dobrotenadom.si\/#website\",\"url\":\"https:\/\/www.dobrotenadom.si\/\",\"name\":\"Dobrote Na Dom\",\"description\":\"\",\"potentialAction\":[{\"@type\":\"SearchAction\",\"target\":{\"@type\":\"EntryPoint\",\"urlTemplate\":\"https:\/\/www.dobrotenadom.si\/?s={search_term_string}\"},\"query-input\":{\"@type\":\"PropertyValueSpecification\",\"valueRequired\":true,\"valueName\":\"search_term_string\"}}],\"inLanguage\":\"hr\"}]}<\/script>\n<!-- \/ Yoast SEO plugin. -->","yoast_head_json":{"title":"D\u017eem od \u0161ljiva 580g - Dobrote Na Dom","robots":{"index":"index","follow":"follow","max-snippet":"max-snippet:-1","max-image-preview":"max-image-preview:large","max-video-preview":"max-video-preview:-1"},"canonical":"https:\/\/www.dobrotenadom.si\/hr\/izdelek\/dzem-od-sljiva-580g\/","og_locale":"hr_HR","og_type":"article","og_title":"D\u017eem od \u0161ljiva 580g - Dobrote Na Dom","og_description":"Pekmez od \u0161ljiva pravi se na tradicionalan na\u010din. Sadr\u017ei veliku koli\u010dinu \u0161ljiva i minimalnu koli\u010dinu \u0161e\u0107era.  Ne sadr\u017ei aditive i konzervanse.  \u010cuvati na sobnoj temperaturi. Rok trajanja ozna\u010den na proizvodu.  Pakiranje: neto 580 g","og_url":"https:\/\/www.dobrotenadom.si\/hr\/izdelek\/dzem-od-sljiva-580g\/","og_site_name":"Dobrote Na Dom","og_image":[{"width":1440,"height":1920,"url":"https:\/\/www.dobrotenadom.si\/wp-content\/uploads\/2020\/10\/IMG_20201006_204552_2.jpg","type":"image\/jpeg"}],"twitter_card":"summary_large_image","schema":{"@context":"https:\/\/schema.org","@graph":[{"@type":"WebPage","@id":"https:\/\/www.dobrotenadom.si\/hr\/izdelek\/dzem-od-sljiva-580g\/","url":"https:\/\/www.dobrotenadom.si\/hr\/izdelek\/dzem-od-sljiva-580g\/","name":"D\u017eem od \u0161ljiva 580g - Dobrote Na Dom","isPartOf":{"@id":"https:\/\/www.dobrotenadom.si\/#website"},"primaryImageOfPage":{"@id":"https:\/\/www.dobrotenadom.si\/hr\/izdelek\/dzem-od-sljiva-580g\/#primaryimage"},"image":{"@id":"https:\/\/www.dobrotenadom.si\/hr\/izdelek\/dzem-od-sljiva-580g\/#primaryimage"},"thumbnailUrl":"https:\/\/www.dobrotenadom.si\/wp-content\/uploads\/2020\/10\/IMG_20201006_204552_2.jpg","datePublished":"2020-10-08T05:12:06+00:00","breadcrumb":{"@id":"https:\/\/www.dobrotenadom.si\/hr\/izdelek\/dzem-od-sljiva-580g\/#breadcrumb"},"inLanguage":"hr","potentialAction":[{"@type":"ReadAction","target":["https:\/\/www.dobrotenadom.si\/hr\/izdelek\/dzem-od-sljiva-580g\/"]}]},{"@type":"ImageObject","inLanguage":"hr","@id":"https:\/\/www.dobrotenadom.si\/hr\/izdelek\/dzem-od-sljiva-580g\/#primaryimage","url":"https:\/\/www.dobrotenadom.si\/wp-content\/uploads\/2020\/10\/IMG_20201006_204552_2.jpg","contentUrl":"https:\/\/www.dobrotenadom.si\/wp-content\/uploads\/2020\/10\/IMG_20201006_204552_2.jpg","width":1440,"height":1920},{"@type":"BreadcrumbList","@id":"https:\/\/www.dobrotenadom.si\/hr\/izdelek\/dzem-od-sljiva-580g\/#breadcrumb","itemListElement":[{"@type":"ListItem","position":1,"name":"Home","item":"https:\/\/www.dobrotenadom.si\/hr\/"},{"@type":"ListItem","position":2,"name":"Trgovina","item":"https:\/\/www.dobrotenadom.si\/hr\/trgovina\/"},{"@type":"ListItem","position":3,"name":"D\u017eem od \u0161ljiva 580g"}]},{"@type":"WebSite","@id":"https:\/\/www.dobrotenadom.si\/#website","url":"https:\/\/www.dobrotenadom.si\/","name":"Dobrote Na Dom","description":"","potentialAction":[{"@type":"SearchAction","target":{"@type":"EntryPoint","urlTemplate":"https:\/\/www.dobrotenadom.si\/?s={search_term_string}"},"query-input":{"@type":"PropertyValueSpecification","valueRequired":true,"valueName":"search_term_string"}}],"inLanguage":"hr"}]}},"_links":{"self":[{"href":"https:\/\/www.dobrotenadom.si\/hr\/wp-json\/wp\/v2\/product\/17213","targetHints":{"allow":["GET"]}}],"collection":[{"href":"https:\/\/www.dobrotenadom.si\/hr\/wp-json\/wp\/v2\/product"}],"about":[{"href":"https:\/\/www.dobrotenadom.si\/hr\/wp-json\/wp\/v2\/types\/product"}],"wp:featuredmedia":[{"embeddable":true,"href":"https:\/\/www.dobrotenadom.si\/hr\/wp-json\/wp\/v2\/media\/16726"}],"wp:attachment":[{"href":"https:\/\/www.dobrotenadom.si\/hr\/wp-json\/wp\/v2\/media?parent=17213"}],"wp:term":[{"taxonomy":"product_brand","embeddable":true,"href":"https:\/\/www.dobrotenadom.si\/hr\/wp-json\/wp\/v2\/product_brand?post=17213"},{"taxonomy":"product_cat","embeddable":true,"href":"https:\/\/www.dobrotenadom.si\/hr\/wp-json\/wp\/v2\/product_cat?post=17213"},{"taxonomy":"product_tag","embeddable":true,"href":"https:\/\/www.dobrotenadom.si\/hr\/wp-json\/wp\/v2\/product_tag?post=17213"}],"curies":[{"name":"wp","href":"https:\/\/api.w.org\/{rel}","templated":true}]}}