{"id":17223,"date":"2020-09-14T14:27:59","date_gmt":"2020-09-14T12:27:59","guid":{"rendered":"https:\/\/www.dobrotenadom.si\/izdelek\/salama-jelen\/"},"modified":"2020-09-14T14:27:59","modified_gmt":"2020-09-14T12:27:59","slug":"salama-jelen","status":"publish","type":"product","link":"https:\/\/www.dobrotenadom.si\/hr\/izdelek\/salama-jelen\/","title":{"rendered":"Salama Jelen"},"content":{"rendered":"","protected":false},"excerpt":{"rendered":"<p>Jelenja salama se proizvodi od najkvalitetnijeg mesa jelena i doma\u0107e svinje i slanine. Za\u010dinjeno solju i za\u010dinima po receptu na\u0161ih djedova. Lagano dimljeno i sazrijevano pod posebnom tehnologijom cirkulacije zraka.<\/p>\n<p>Ne sadr\u017ei aditive i konzervanse.<\/p>\n<p>\u010cuvati na sobnoj temperaturi. Rok trajanja ozna\u010den na proizvodu.<\/p>\n<p>Pakiranje: neto 500 g<\/p>\n","protected":false},"featured_media":16715,"template":"","meta":{"_acf_changed":false},"product_brand":[],"product_cat":[485,453],"product_tag":[],"class_list":{"0":"post-17223","1":"product","2":"type-product","3":"status-publish","4":"has-post-thumbnail","6":"product_cat-jelenova-salame-hr","7":"product_cat-salame-hr","10":"first","11":"instock","12":"taxable","13":"shipping-taxable","14":"purchasable","15":"product-type-simple"},"acf":[],"wcpa_form_fields":null,"yoast_head":"<!-- This site is optimized with the Yoast SEO plugin v26.5 - https:\/\/yoast.com\/wordpress\/plugins\/seo\/ -->\n<title>Salama Jelen - Dobrote Na Dom<\/title>\n<meta name=\"robots\" content=\"index, follow, max-snippet:-1, max-image-preview:large, max-video-preview:-1\" \/>\n<link rel=\"canonical\" href=\"https:\/\/www.dobrotenadom.si\/hr\/izdelek\/salama-jelen\/\" \/>\n<meta property=\"og:locale\" content=\"hr_HR\" \/>\n<meta property=\"og:type\" content=\"article\" \/>\n<meta property=\"og:title\" content=\"Salama Jelen - Dobrote Na Dom\" \/>\n<meta property=\"og:description\" content=\"Jelenja salama se proizvodi od najkvalitetnijeg mesa jelena i doma\u0107e svinje i slanine. Za\u010dinjeno solju i za\u010dinima po receptu na\u0161ih djedova. Lagano dimljeno i sazrijevano pod posebnom tehnologijom cirkulacije zraka.  Ne sadr\u017ei aditive i konzervanse.  \u010cuvati na sobnoj temperaturi. Rok trajanja ozna\u010den na proizvodu.  Pakiranje: neto 500 g\" \/>\n<meta property=\"og:url\" content=\"https:\/\/www.dobrotenadom.si\/hr\/izdelek\/salama-jelen\/\" \/>\n<meta property=\"og:site_name\" content=\"Dobrote Na Dom\" \/>\n<meta property=\"og:image\" content=\"https:\/\/www.dobrotenadom.si\/wp-content\/uploads\/2020\/09\/DSC09282-jelen.jpg\" \/>\n\t<meta property=\"og:image:width\" content=\"1920\" \/>\n\t<meta property=\"og:image:height\" content=\"1868\" \/>\n\t<meta property=\"og:image:type\" content=\"image\/jpeg\" \/>\n<meta name=\"twitter:card\" content=\"summary_large_image\" \/>\n<script type=\"application\/ld+json\" class=\"yoast-schema-graph\">{\"@context\":\"https:\/\/schema.org\",\"@graph\":[{\"@type\":\"WebPage\",\"@id\":\"https:\/\/www.dobrotenadom.si\/hr\/izdelek\/salama-jelen\/\",\"url\":\"https:\/\/www.dobrotenadom.si\/hr\/izdelek\/salama-jelen\/\",\"name\":\"Salama Jelen - Dobrote Na Dom\",\"isPartOf\":{\"@id\":\"https:\/\/www.dobrotenadom.si\/#website\"},\"primaryImageOfPage\":{\"@id\":\"https:\/\/www.dobrotenadom.si\/hr\/izdelek\/salama-jelen\/#primaryimage\"},\"image\":{\"@id\":\"https:\/\/www.dobrotenadom.si\/hr\/izdelek\/salama-jelen\/#primaryimage\"},\"thumbnailUrl\":\"https:\/\/www.dobrotenadom.si\/wp-content\/uploads\/2020\/09\/DSC09282-jelen.jpg\",\"datePublished\":\"2020-09-14T12:27:59+00:00\",\"breadcrumb\":{\"@id\":\"https:\/\/www.dobrotenadom.si\/hr\/izdelek\/salama-jelen\/#breadcrumb\"},\"inLanguage\":\"hr\",\"potentialAction\":[{\"@type\":\"ReadAction\",\"target\":[\"https:\/\/www.dobrotenadom.si\/hr\/izdelek\/salama-jelen\/\"]}]},{\"@type\":\"ImageObject\",\"inLanguage\":\"hr\",\"@id\":\"https:\/\/www.dobrotenadom.si\/hr\/izdelek\/salama-jelen\/#primaryimage\",\"url\":\"https:\/\/www.dobrotenadom.si\/wp-content\/uploads\/2020\/09\/DSC09282-jelen.jpg\",\"contentUrl\":\"https:\/\/www.dobrotenadom.si\/wp-content\/uploads\/2020\/09\/DSC09282-jelen.jpg\",\"width\":1920,\"height\":1868},{\"@type\":\"BreadcrumbList\",\"@id\":\"https:\/\/www.dobrotenadom.si\/hr\/izdelek\/salama-jelen\/#breadcrumb\",\"itemListElement\":[{\"@type\":\"ListItem\",\"position\":1,\"name\":\"Home\",\"item\":\"https:\/\/www.dobrotenadom.si\/hr\/\"},{\"@type\":\"ListItem\",\"position\":2,\"name\":\"Trgovina\",\"item\":\"https:\/\/www.dobrotenadom.si\/hr\/trgovina\/\"},{\"@type\":\"ListItem\",\"position\":3,\"name\":\"Salama Jelen\"}]},{\"@type\":\"WebSite\",\"@id\":\"https:\/\/www.dobrotenadom.si\/#website\",\"url\":\"https:\/\/www.dobrotenadom.si\/\",\"name\":\"Dobrote Na Dom\",\"description\":\"\",\"potentialAction\":[{\"@type\":\"SearchAction\",\"target\":{\"@type\":\"EntryPoint\",\"urlTemplate\":\"https:\/\/www.dobrotenadom.si\/?s={search_term_string}\"},\"query-input\":{\"@type\":\"PropertyValueSpecification\",\"valueRequired\":true,\"valueName\":\"search_term_string\"}}],\"inLanguage\":\"hr\"}]}<\/script>\n<!-- \/ Yoast SEO plugin. -->","yoast_head_json":{"title":"Salama Jelen - Dobrote Na Dom","robots":{"index":"index","follow":"follow","max-snippet":"max-snippet:-1","max-image-preview":"max-image-preview:large","max-video-preview":"max-video-preview:-1"},"canonical":"https:\/\/www.dobrotenadom.si\/hr\/izdelek\/salama-jelen\/","og_locale":"hr_HR","og_type":"article","og_title":"Salama Jelen - Dobrote Na Dom","og_description":"Jelenja salama se proizvodi od najkvalitetnijeg mesa jelena i doma\u0107e svinje i slanine. Za\u010dinjeno solju i za\u010dinima po receptu na\u0161ih djedova. Lagano dimljeno i sazrijevano pod posebnom tehnologijom cirkulacije zraka.  Ne sadr\u017ei aditive i konzervanse.  \u010cuvati na sobnoj temperaturi. Rok trajanja ozna\u010den na proizvodu.  Pakiranje: neto 500 g","og_url":"https:\/\/www.dobrotenadom.si\/hr\/izdelek\/salama-jelen\/","og_site_name":"Dobrote Na Dom","og_image":[{"width":1920,"height":1868,"url":"https:\/\/www.dobrotenadom.si\/wp-content\/uploads\/2020\/09\/DSC09282-jelen.jpg","type":"image\/jpeg"}],"twitter_card":"summary_large_image","schema":{"@context":"https:\/\/schema.org","@graph":[{"@type":"WebPage","@id":"https:\/\/www.dobrotenadom.si\/hr\/izdelek\/salama-jelen\/","url":"https:\/\/www.dobrotenadom.si\/hr\/izdelek\/salama-jelen\/","name":"Salama Jelen - Dobrote Na Dom","isPartOf":{"@id":"https:\/\/www.dobrotenadom.si\/#website"},"primaryImageOfPage":{"@id":"https:\/\/www.dobrotenadom.si\/hr\/izdelek\/salama-jelen\/#primaryimage"},"image":{"@id":"https:\/\/www.dobrotenadom.si\/hr\/izdelek\/salama-jelen\/#primaryimage"},"thumbnailUrl":"https:\/\/www.dobrotenadom.si\/wp-content\/uploads\/2020\/09\/DSC09282-jelen.jpg","datePublished":"2020-09-14T12:27:59+00:00","breadcrumb":{"@id":"https:\/\/www.dobrotenadom.si\/hr\/izdelek\/salama-jelen\/#breadcrumb"},"inLanguage":"hr","potentialAction":[{"@type":"ReadAction","target":["https:\/\/www.dobrotenadom.si\/hr\/izdelek\/salama-jelen\/"]}]},{"@type":"ImageObject","inLanguage":"hr","@id":"https:\/\/www.dobrotenadom.si\/hr\/izdelek\/salama-jelen\/#primaryimage","url":"https:\/\/www.dobrotenadom.si\/wp-content\/uploads\/2020\/09\/DSC09282-jelen.jpg","contentUrl":"https:\/\/www.dobrotenadom.si\/wp-content\/uploads\/2020\/09\/DSC09282-jelen.jpg","width":1920,"height":1868},{"@type":"BreadcrumbList","@id":"https:\/\/www.dobrotenadom.si\/hr\/izdelek\/salama-jelen\/#breadcrumb","itemListElement":[{"@type":"ListItem","position":1,"name":"Home","item":"https:\/\/www.dobrotenadom.si\/hr\/"},{"@type":"ListItem","position":2,"name":"Trgovina","item":"https:\/\/www.dobrotenadom.si\/hr\/trgovina\/"},{"@type":"ListItem","position":3,"name":"Salama Jelen"}]},{"@type":"WebSite","@id":"https:\/\/www.dobrotenadom.si\/#website","url":"https:\/\/www.dobrotenadom.si\/","name":"Dobrote Na Dom","description":"","potentialAction":[{"@type":"SearchAction","target":{"@type":"EntryPoint","urlTemplate":"https:\/\/www.dobrotenadom.si\/?s={search_term_string}"},"query-input":{"@type":"PropertyValueSpecification","valueRequired":true,"valueName":"search_term_string"}}],"inLanguage":"hr"}]}},"_links":{"self":[{"href":"https:\/\/www.dobrotenadom.si\/hr\/wp-json\/wp\/v2\/product\/17223","targetHints":{"allow":["GET"]}}],"collection":[{"href":"https:\/\/www.dobrotenadom.si\/hr\/wp-json\/wp\/v2\/product"}],"about":[{"href":"https:\/\/www.dobrotenadom.si\/hr\/wp-json\/wp\/v2\/types\/product"}],"wp:featuredmedia":[{"embeddable":true,"href":"https:\/\/www.dobrotenadom.si\/hr\/wp-json\/wp\/v2\/media\/16715"}],"wp:attachment":[{"href":"https:\/\/www.dobrotenadom.si\/hr\/wp-json\/wp\/v2\/media?parent=17223"}],"wp:term":[{"taxonomy":"product_brand","embeddable":true,"href":"https:\/\/www.dobrotenadom.si\/hr\/wp-json\/wp\/v2\/product_brand?post=17223"},{"taxonomy":"product_cat","embeddable":true,"href":"https:\/\/www.dobrotenadom.si\/hr\/wp-json\/wp\/v2\/product_cat?post=17223"},{"taxonomy":"product_tag","embeddable":true,"href":"https:\/\/www.dobrotenadom.si\/hr\/wp-json\/wp\/v2\/product_tag?post=17223"}],"curies":[{"name":"wp","href":"https:\/\/api.w.org\/{rel}","templated":true}]}}