{"id":17697,"date":"2024-12-05T22:07:52","date_gmt":"2024-12-05T21:07:52","guid":{"rendered":"https:\/\/www.dobrotenadom.si\/?post_type=product&#038;p=17697"},"modified":"2024-12-05T22:15:18","modified_gmt":"2024-12-05T21:15:18","slug":"konjski-prsut","status":"publish","type":"product","link":"https:\/\/www.dobrotenadom.si\/hr\/izdelek\/konjski-prsut\/","title":{"rendered":"konjski pr\u0161ut"},"content":{"rendered":"<p>Izdelek je pripravljen iz izbranih kosov konja, suho posoljen in mariniran, rahlo dimljen z bukovimi drvmi. Zorjen v naravnih pogojih. Je sladkastega okusa in vsebuje zelo majhen dele\u017e ma\u0161\u010dobe.<\/p>\n<p>Hraniti pri sobni temperaturi. Rok trajanja ozna\u010den na izdelku.<\/p>\n<p>Te\u017ea: cena za 400g<\/p>\n","protected":false},"excerpt":{"rendered":"<p>Izdelek je pripravljen iz izbranih kosov konja, suho posoljen in mariniran, rahlo dimljen z bukovimi drvmi. Zorjen v naravnih pogojih. Je sladkastega okusa in vsebuje zelo majhen dele\u017e ma\u0161\u010dobe.<\/p>\n<p>Hraniti pri sobni temperaturi. Rok trajanja ozna\u010den na izdelku.<\/p>\n<p>Te\u017ea: cena za 400g<\/p>\n","protected":false},"featured_media":11942,"template":"","meta":{"_acf_changed":false},"product_brand":[],"product_cat":[380,377],"product_tag":[],"class_list":{"0":"post-17697","1":"product","2":"type-product","3":"status-publish","4":"has-post-thumbnail","6":"product_cat-konjski-prsut","7":"product_cat-suho-meso-prsuti","9":"ltx-featured-product","11":"first","12":"instock","13":"taxable","14":"shipping-taxable","15":"purchasable","16":"product-type-simple"},"acf":[],"wcpa_form_fields":null,"yoast_head":"<!-- This site is optimized with the Yoast SEO plugin v26.5 - https:\/\/yoast.com\/wordpress\/plugins\/seo\/ -->\n<title>konjski pr\u0161ut - Dobrote Na Dom<\/title>\n<meta name=\"robots\" content=\"index, follow, max-snippet:-1, max-image-preview:large, max-video-preview:-1\" \/>\n<link rel=\"canonical\" href=\"https:\/\/www.dobrotenadom.si\/izdelek\/konjski-prsut\/\" \/>\n<meta property=\"og:locale\" content=\"hr_HR\" \/>\n<meta property=\"og:type\" content=\"article\" \/>\n<meta property=\"og:title\" content=\"konjski pr\u0161ut - Dobrote Na Dom\" \/>\n<meta property=\"og:description\" content=\"Izdelek je pripravljen iz izbranih kosov konja, suho posoljen in mariniran, rahlo dimljen z bukovimi drvmi. Zorjen v naravnih pogojih. Je sladkastega okusa in vsebuje zelo majhen dele\u017e ma\u0161\u010dobe.  Hraniti pri sobni temperaturi. Rok trajanja ozna\u010den na izdelku.  Te\u017ea: cena za 400g\" \/>\n<meta property=\"og:url\" content=\"https:\/\/www.dobrotenadom.si\/izdelek\/konjski-prsut\/\" \/>\n<meta property=\"og:site_name\" content=\"Dobrote Na Dom\" \/>\n<meta property=\"article:modified_time\" content=\"2024-12-05T21:15:18+00:00\" \/>\n<meta property=\"og:image\" content=\"https:\/\/www.dobrotenadom.si\/wp-content\/uploads\/2020\/10\/DSC09446-konj-pr\u0161ut.jpg\" \/>\n\t<meta property=\"og:image:width\" content=\"1690\" \/>\n\t<meta property=\"og:image:height\" content=\"1920\" \/>\n\t<meta property=\"og:image:type\" content=\"image\/jpeg\" \/>\n<meta name=\"twitter:card\" content=\"summary_large_image\" \/>\n<meta name=\"twitter:label1\" content=\"Procijenjeno vrijeme \u010ditanja\" \/>\n\t<meta name=\"twitter:data1\" content=\"1 minuta\" \/>\n<script type=\"application\/ld+json\" class=\"yoast-schema-graph\">{\"@context\":\"https:\/\/schema.org\",\"@graph\":[{\"@type\":\"WebPage\",\"@id\":\"https:\/\/www.dobrotenadom.si\/izdelek\/konjski-prsut\/\",\"url\":\"https:\/\/www.dobrotenadom.si\/izdelek\/konjski-prsut\/\",\"name\":\"konjski pr\u0161ut - Dobrote Na Dom\",\"isPartOf\":{\"@id\":\"https:\/\/www.dobrotenadom.si\/#website\"},\"primaryImageOfPage\":{\"@id\":\"https:\/\/www.dobrotenadom.si\/izdelek\/konjski-prsut\/#primaryimage\"},\"image\":{\"@id\":\"https:\/\/www.dobrotenadom.si\/izdelek\/konjski-prsut\/#primaryimage\"},\"thumbnailUrl\":\"https:\/\/www.dobrotenadom.si\/wp-content\/uploads\/2020\/10\/DSC09446-konj-pr\u0161ut.jpg\",\"datePublished\":\"2024-12-05T21:07:52+00:00\",\"dateModified\":\"2024-12-05T21:15:18+00:00\",\"breadcrumb\":{\"@id\":\"https:\/\/www.dobrotenadom.si\/izdelek\/konjski-prsut\/#breadcrumb\"},\"inLanguage\":\"hr\",\"potentialAction\":[{\"@type\":\"ReadAction\",\"target\":[\"https:\/\/www.dobrotenadom.si\/izdelek\/konjski-prsut\/\"]}]},{\"@type\":\"ImageObject\",\"inLanguage\":\"hr\",\"@id\":\"https:\/\/www.dobrotenadom.si\/izdelek\/konjski-prsut\/#primaryimage\",\"url\":\"https:\/\/www.dobrotenadom.si\/wp-content\/uploads\/2020\/10\/DSC09446-konj-pr\u0161ut.jpg\",\"contentUrl\":\"https:\/\/www.dobrotenadom.si\/wp-content\/uploads\/2020\/10\/DSC09446-konj-pr\u0161ut.jpg\",\"width\":1690,\"height\":1920},{\"@type\":\"BreadcrumbList\",\"@id\":\"https:\/\/www.dobrotenadom.si\/izdelek\/konjski-prsut\/#breadcrumb\",\"itemListElement\":[{\"@type\":\"ListItem\",\"position\":1,\"name\":\"Home\",\"item\":\"https:\/\/www.dobrotenadom.si\/hr\/\"},{\"@type\":\"ListItem\",\"position\":2,\"name\":\"Trgovina\",\"item\":\"https:\/\/www.dobrotenadom.si\/hr\/trgovina\/\"},{\"@type\":\"ListItem\",\"position\":3,\"name\":\"konjski pr\u0161ut\"}]},{\"@type\":\"WebSite\",\"@id\":\"https:\/\/www.dobrotenadom.si\/#website\",\"url\":\"https:\/\/www.dobrotenadom.si\/\",\"name\":\"Dobrote Na Dom\",\"description\":\"\",\"potentialAction\":[{\"@type\":\"SearchAction\",\"target\":{\"@type\":\"EntryPoint\",\"urlTemplate\":\"https:\/\/www.dobrotenadom.si\/?s={search_term_string}\"},\"query-input\":{\"@type\":\"PropertyValueSpecification\",\"valueRequired\":true,\"valueName\":\"search_term_string\"}}],\"inLanguage\":\"hr\"}]}<\/script>\n<!-- \/ Yoast SEO plugin. -->","yoast_head_json":{"title":"konjski pr\u0161ut - Dobrote Na Dom","robots":{"index":"index","follow":"follow","max-snippet":"max-snippet:-1","max-image-preview":"max-image-preview:large","max-video-preview":"max-video-preview:-1"},"canonical":"https:\/\/www.dobrotenadom.si\/izdelek\/konjski-prsut\/","og_locale":"hr_HR","og_type":"article","og_title":"konjski pr\u0161ut - Dobrote Na Dom","og_description":"Izdelek je pripravljen iz izbranih kosov konja, suho posoljen in mariniran, rahlo dimljen z bukovimi drvmi. Zorjen v naravnih pogojih. Je sladkastega okusa in vsebuje zelo majhen dele\u017e ma\u0161\u010dobe.  Hraniti pri sobni temperaturi. Rok trajanja ozna\u010den na izdelku.  Te\u017ea: cena za 400g","og_url":"https:\/\/www.dobrotenadom.si\/izdelek\/konjski-prsut\/","og_site_name":"Dobrote Na Dom","article_modified_time":"2024-12-05T21:15:18+00:00","og_image":[{"width":1690,"height":1920,"url":"https:\/\/www.dobrotenadom.si\/wp-content\/uploads\/2020\/10\/DSC09446-konj-pr\u0161ut.jpg","type":"image\/jpeg"}],"twitter_card":"summary_large_image","twitter_misc":{"Procijenjeno vrijeme \u010ditanja":"1 minuta"},"schema":{"@context":"https:\/\/schema.org","@graph":[{"@type":"WebPage","@id":"https:\/\/www.dobrotenadom.si\/izdelek\/konjski-prsut\/","url":"https:\/\/www.dobrotenadom.si\/izdelek\/konjski-prsut\/","name":"konjski pr\u0161ut - Dobrote Na Dom","isPartOf":{"@id":"https:\/\/www.dobrotenadom.si\/#website"},"primaryImageOfPage":{"@id":"https:\/\/www.dobrotenadom.si\/izdelek\/konjski-prsut\/#primaryimage"},"image":{"@id":"https:\/\/www.dobrotenadom.si\/izdelek\/konjski-prsut\/#primaryimage"},"thumbnailUrl":"https:\/\/www.dobrotenadom.si\/wp-content\/uploads\/2020\/10\/DSC09446-konj-pr\u0161ut.jpg","datePublished":"2024-12-05T21:07:52+00:00","dateModified":"2024-12-05T21:15:18+00:00","breadcrumb":{"@id":"https:\/\/www.dobrotenadom.si\/izdelek\/konjski-prsut\/#breadcrumb"},"inLanguage":"hr","potentialAction":[{"@type":"ReadAction","target":["https:\/\/www.dobrotenadom.si\/izdelek\/konjski-prsut\/"]}]},{"@type":"ImageObject","inLanguage":"hr","@id":"https:\/\/www.dobrotenadom.si\/izdelek\/konjski-prsut\/#primaryimage","url":"https:\/\/www.dobrotenadom.si\/wp-content\/uploads\/2020\/10\/DSC09446-konj-pr\u0161ut.jpg","contentUrl":"https:\/\/www.dobrotenadom.si\/wp-content\/uploads\/2020\/10\/DSC09446-konj-pr\u0161ut.jpg","width":1690,"height":1920},{"@type":"BreadcrumbList","@id":"https:\/\/www.dobrotenadom.si\/izdelek\/konjski-prsut\/#breadcrumb","itemListElement":[{"@type":"ListItem","position":1,"name":"Home","item":"https:\/\/www.dobrotenadom.si\/hr\/"},{"@type":"ListItem","position":2,"name":"Trgovina","item":"https:\/\/www.dobrotenadom.si\/hr\/trgovina\/"},{"@type":"ListItem","position":3,"name":"konjski pr\u0161ut"}]},{"@type":"WebSite","@id":"https:\/\/www.dobrotenadom.si\/#website","url":"https:\/\/www.dobrotenadom.si\/","name":"Dobrote Na Dom","description":"","potentialAction":[{"@type":"SearchAction","target":{"@type":"EntryPoint","urlTemplate":"https:\/\/www.dobrotenadom.si\/?s={search_term_string}"},"query-input":{"@type":"PropertyValueSpecification","valueRequired":true,"valueName":"search_term_string"}}],"inLanguage":"hr"}]}},"_links":{"self":[{"href":"https:\/\/www.dobrotenadom.si\/hr\/wp-json\/wp\/v2\/product\/17697","targetHints":{"allow":["GET"]}}],"collection":[{"href":"https:\/\/www.dobrotenadom.si\/hr\/wp-json\/wp\/v2\/product"}],"about":[{"href":"https:\/\/www.dobrotenadom.si\/hr\/wp-json\/wp\/v2\/types\/product"}],"wp:featuredmedia":[{"embeddable":true,"href":"https:\/\/www.dobrotenadom.si\/hr\/wp-json\/wp\/v2\/media\/11942"}],"wp:attachment":[{"href":"https:\/\/www.dobrotenadom.si\/hr\/wp-json\/wp\/v2\/media?parent=17697"}],"wp:term":[{"taxonomy":"product_brand","embeddable":true,"href":"https:\/\/www.dobrotenadom.si\/hr\/wp-json\/wp\/v2\/product_brand?post=17697"},{"taxonomy":"product_cat","embeddable":true,"href":"https:\/\/www.dobrotenadom.si\/hr\/wp-json\/wp\/v2\/product_cat?post=17697"},{"taxonomy":"product_tag","embeddable":true,"href":"https:\/\/www.dobrotenadom.si\/hr\/wp-json\/wp\/v2\/product_tag?post=17697"}],"curies":[{"name":"wp","href":"https:\/\/api.w.org\/{rel}","templated":true}]}}